{"id":1604,"date":"2021-08-03T18:19:27","date_gmt":"2021-08-03T16:19:27","guid":{"rendered":"https:\/\/lahtihistoricrally.fi\/?page_id=1604"},"modified":"2026-03-20T10:33:47","modified_gmt":"2026-03-20T08:33:47","slug":"aikataulu","status":"publish","type":"page","link":"https:\/\/lahtihistoricrally.fi\/en\/aikataulu\/","title":{"rendered":"Itinerary &amp; Route"},"content":{"rendered":"<div data-elementor-type=\"wp-page\" data-elementor-id=\"1604\" class=\"elementor elementor-1604\" data-elementor-post-type=\"page\">\n\t\t\t\t\t\t<section class=\"elementor-section elementor-top-section elementor-element elementor-element-7bc19dd7 elementor-section-boxed elementor-section-height-default elementor-section-height-default\" data-id=\"7bc19dd7\" data-element_type=\"section\" data-e-type=\"section\">\n\t\t\t\t\t\t<div class=\"elementor-container elementor-column-gap-default\">\n\t\t\t\t\t<div class=\"elementor-column elementor-col-100 elementor-top-column elementor-element elementor-element-3698f64f\" data-id=\"3698f64f\" data-element_type=\"column\" data-e-type=\"column\">\n\t\t\t<div class=\"elementor-widget-wrap elementor-element-populated\">\n\t\t\t\t\t\t<div class=\"elementor-element elementor-element-71b7f86 elementor-widget elementor-widget-image\" data-id=\"71b7f86\" data-element_type=\"widget\" data-e-type=\"widget\" data-widget_type=\"image.default\">\n\t\t\t\t<div class=\"elementor-widget-container\">\n\t\t\t\t\t\t\t\t\t\t\t\t\t\t\t\t<a href=\"https:\/\/lahtihistoricrally.fi\/wp-content\/uploads\/2025\/08\/reittikartta2025_A3_final.pdf\">\n\t\t\t\t\t\t\t<img fetchpriority=\"high\" decoding=\"async\" width=\"1000\" height=\"1124\" src=\"https:\/\/i0.wp.com\/lahtihistoricrally.fi\/wp-content\/uploads\/2025\/08\/kansi25kuva_www-1.jpg?fit=1000%2C1124&amp;ssl=1\" class=\"attachment-full size-full wp-image-5351\" alt=\"\" srcset=\"https:\/\/i0.wp.com\/lahtihistoricrally.fi\/wp-content\/uploads\/2025\/08\/kansi25kuva_www-1.jpg?w=1000&amp;ssl=1 1000w, https:\/\/i0.wp.com\/lahtihistoricrally.fi\/wp-content\/uploads\/2025\/08\/kansi25kuva_www-1.jpg?resize=445%2C500&amp;ssl=1 445w, https:\/\/i0.wp.com\/lahtihistoricrally.fi\/wp-content\/uploads\/2025\/08\/kansi25kuva_www-1.jpg?resize=768%2C863&amp;ssl=1 768w, https:\/\/i0.wp.com\/lahtihistoricrally.fi\/wp-content\/uploads\/2025\/08\/kansi25kuva_www-1.jpg?resize=11%2C12&amp;ssl=1 11w\" sizes=\"(max-width: 750px) 100vw, 750px\" \/>\t\t\t\t\t\t\t\t<\/a>\n\t\t\t\t\t\t\t\t\t\t\t\t\t\t\t<\/div>\n\t\t\t\t<\/div>\n\t\t\t\t<div class=\"elementor-element elementor-element-6af9a53 elementor-widget elementor-widget-heading\" data-id=\"6af9a53\" data-element_type=\"widget\" data-e-type=\"widget\" data-widget_type=\"heading.default\">\n\t\t\t\t<div class=\"elementor-widget-container\">\n\t\t\t\t\t<h4 class=\"elementor-heading-title elementor-size-default\">Lahti Historic Rallyn reittikartta ja erikoiskoeaikataulu 2026\n\n\n\n<\/h4>\t\t\t\t<\/div>\n\t\t\t\t<\/div>\n\t\t\t\t<div class=\"elementor-element elementor-element-c8fa2a6 elementor-widget elementor-widget-text-editor\" data-id=\"c8fa2a6\" data-element_type=\"widget\" data-e-type=\"widget\" data-widget_type=\"text-editor.default\">\n\t\t\t\t<div class=\"elementor-widget-container\">\n\t\t\t\t\t\t\t\t\t<p>EM Lahti Historic Rallin sek\u00e4 HRT-osakilpailujen osalta aikataulut julkaistaan my\u00f6hemmin. Ty\u00f6t\u00e4 on tehty jo monta kuukautta ja pikku hiljaa suunnitelmat varmistuvat, mink\u00e4 j\u00e4lkeen voimme niist\u00e4 tiedottaa.<\/p><p>Kilpailu alkaa perjantaina 21.8.2026 aamup\u00e4iv\u00e4ll\u00e4 ja y\u00f6tauolle tullaan kolmen, kahdesti ajettavan mets\u00e4erikoiskokeen sek\u00e4 yhden yleis\u00f6erikoiskokeen j\u00e4lkeen.\u00a0<\/p><p>Lauantaina 22.8.2026 kilpailu jatkuu aamup\u00e4iv\u00e4ll\u00e4. Mukaan tulevat my\u00f6s ne kilpailijat, jotka osallistuvat vain yhden p\u00e4iv\u00e4n kilpailuun.\u00a0<\/p><p>Maaliin tullaan iltap\u00e4iv\u00e4ll\u00e4 ja palkintojenjakoseremoniat suoritetaan heti per\u00e4\u00e4n Lahden Satama-alueella.<\/p>\t\t\t\t\t\t\t\t<\/div>\n\t\t\t\t<\/div>\n\t\t\t\t\t<\/div>\n\t\t<\/div>\n\t\t\t\t\t<\/div>\n\t\t<\/section>\n\t\t\t\t<section class=\"elementor-section elementor-top-section elementor-element elementor-element-5c1fd49 elementor-section-boxed elementor-section-height-default elementor-section-height-default\" data-id=\"5c1fd49\" data-element_type=\"section\" data-e-type=\"section\">\n\t\t\t\t\t\t<div class=\"elementor-container elementor-column-gap-default\">\n\t\t\t\t\t<div class=\"elementor-column elementor-col-50 elementor-top-column elementor-element elementor-element-810121a\" data-id=\"810121a\" data-element_type=\"column\" data-e-type=\"column\">\n\t\t\t<div class=\"elementor-widget-wrap elementor-element-populated\">\n\t\t\t\t\t\t<div class=\"elementor-element elementor-element-1c63a17 elementor-align-center elementor-widget elementor-widget-button\" data-id=\"1c63a17\" data-element_type=\"widget\" data-e-type=\"widget\" data-widget_type=\"button.default\">\n\t\t\t\t<div class=\"elementor-widget-container\">\n\t\t\t\t\t\t\t\t\t<div class=\"elementor-button-wrapper\">\n\t\t\t\t\t<a class=\"elementor-button elementor-button-link elementor-size-sm\" href=\"\" target=\"_blank\">\n\t\t\t\t\t\t<span class=\"elementor-button-content-wrapper\">\n\t\t\t\t\t\t\t\t\t<span class=\"elementor-button-text\">Aikataulu 21.8.2026<\/span>\n\t\t\t\t\t<\/span>\n\t\t\t\t\t<\/a>\n\t\t\t\t<\/div>\n\t\t\t\t\t\t\t\t<\/div>\n\t\t\t\t<\/div>\n\t\t\t\t\t<\/div>\n\t\t<\/div>\n\t\t\t\t<div class=\"elementor-column elementor-col-50 elementor-top-column elementor-element elementor-element-a7367b2\" data-id=\"a7367b2\" data-element_type=\"column\" data-e-type=\"column\">\n\t\t\t<div class=\"elementor-widget-wrap elementor-element-populated\">\n\t\t\t\t\t\t<div class=\"elementor-element elementor-element-532cda9 elementor-align-center elementor-widget elementor-widget-button\" data-id=\"532cda9\" data-element_type=\"widget\" data-e-type=\"widget\" data-widget_type=\"button.default\">\n\t\t\t\t<div class=\"elementor-widget-container\">\n\t\t\t\t\t\t\t\t\t<div class=\"elementor-button-wrapper\">\n\t\t\t\t\t<a class=\"elementor-button elementor-button-link elementor-size-sm\" href=\"\" target=\"_blank\">\n\t\t\t\t\t\t<span class=\"elementor-button-content-wrapper\">\n\t\t\t\t\t\t\t\t\t<span class=\"elementor-button-text\">Aikataulu 22.8.2026<\/span>\n\t\t\t\t\t<\/span>\n\t\t\t\t\t<\/a>\n\t\t\t\t<\/div>\n\t\t\t\t\t\t\t\t<\/div>\n\t\t\t\t<\/div>\n\t\t\t\t\t<\/div>\n\t\t<\/div>\n\t\t\t\t\t<\/div>\n\t\t<\/section>\n\t\t\t\t<section class=\"elementor-section elementor-top-section elementor-element elementor-element-bab7ca0 elementor-section-boxed elementor-section-height-default elementor-section-height-default\" data-id=\"bab7ca0\" data-element_type=\"section\" data-e-type=\"section\">\n\t\t\t\t\t\t<div class=\"elementor-container elementor-column-gap-default\">\n\t\t\t\t\t<div class=\"elementor-column elementor-col-100 elementor-top-column elementor-element elementor-element-b5b3d68\" data-id=\"b5b3d68\" data-element_type=\"column\" data-e-type=\"column\">\n\t\t\t<div class=\"elementor-widget-wrap\">\n\t\t\t\t\t\t\t<\/div>\n\t\t<\/div>\n\t\t\t\t\t<\/div>\n\t\t<\/section>\n\t\t\t\t<\/div>","protected":false},"excerpt":{"rendered":"<p>Lahti Historic Rallyn reittikartta ja erikoiskoeaikataulu 2026 EM Lahti Historic Rallin sek\u00e4 HRT-osakilpailujen osalta aikataulut julkaistaan my\u00f6hemmin. Ty\u00f6t\u00e4 on tehty jo monta kuukautta ja pikku hiljaa suunnitelmat varmistuvat, mink\u00e4 j\u00e4lkeen voimme niist\u00e4 tiedottaa. Kilpailu alkaa perjantaina 21.8.2026 aamup\u00e4iv\u00e4ll\u00e4 ja y\u00f6tauolle tullaan kolmen, kahdesti ajettavan mets\u00e4erikoiskokeen sek\u00e4 yhden yleis\u00f6erikoiskokeen j\u00e4lkeen.\u00a0 Lauantaina [&hellip;]<\/p>\n","protected":false},"author":5,"featured_media":2080,"parent":0,"menu_order":0,"comment_status":"closed","ping_status":"closed","template":"","meta":{"_themeisle_gutenberg_block_has_review":false,"footnotes":""},"class_list":["post-1604","page","type-page","status-publish","has-post-thumbnail","hentry"],"yoast_head":"<!-- This site is optimized with the Yoast SEO plugin v26.9 - https:\/\/yoast.com\/product\/yoast-seo-wordpress\/ -->\n<title>Aikataulu &amp; Reitti - Lahti Historic Rally<\/title>\n<meta name=\"robots\" content=\"index, follow, max-snippet:-1, max-image-preview:large, max-video-preview:-1\" \/>\n<link rel=\"canonical\" href=\"https:\/\/lahtihistoricrally.fi\/en\/aikataulu\/\" \/>\n<meta property=\"og:locale\" content=\"en_US\" \/>\n<meta property=\"og:type\" content=\"article\" \/>\n<meta property=\"og:title\" content=\"Aikataulu &amp; Reitti - Lahti Historic Rally\" \/>\n<meta property=\"og:description\" content=\"Lahti Historic Rallyn reittikartta ja erikoiskoeaikataulu 2026 EM Lahti Historic Rallin sek\u00e4 HRT-osakilpailujen osalta aikataulut julkaistaan my\u00f6hemmin. Ty\u00f6t\u00e4 on tehty jo monta kuukautta ja pikku hiljaa suunnitelmat varmistuvat, mink\u00e4 j\u00e4lkeen voimme niist\u00e4 tiedottaa. Kilpailu alkaa perjantaina 21.8.2026 aamup\u00e4iv\u00e4ll\u00e4 ja y\u00f6tauolle tullaan kolmen, kahdesti ajettavan mets\u00e4erikoiskokeen sek\u00e4 yhden yleis\u00f6erikoiskokeen j\u00e4lkeen.\u00a0 Lauantaina [&hellip;]\" \/>\n<meta property=\"og:url\" content=\"https:\/\/lahtihistoricrally.fi\/en\/aikataulu\/\" \/>\n<meta property=\"og:site_name\" content=\"Lahti Historic Rally\" \/>\n<meta property=\"article:modified_time\" content=\"2026-03-20T08:33:47+00:00\" \/>\n<meta property=\"og:image\" content=\"https:\/\/lahtihistoricrally.fi\/wp-content\/uploads\/2023\/03\/audi.jpg\" \/>\n\t<meta property=\"og:image:width\" content=\"1920\" \/>\n\t<meta property=\"og:image:height\" content=\"1080\" \/>\n\t<meta property=\"og:image:type\" content=\"image\/jpeg\" \/>\n<meta name=\"twitter:card\" content=\"summary_large_image\" \/>\n<script type=\"application\/ld+json\" class=\"yoast-schema-graph\">{\"@context\":\"https:\/\/schema.org\",\"@graph\":[{\"@type\":\"WebPage\",\"@id\":\"https:\/\/lahtihistoricrally.fi\/aikataulu\/\",\"url\":\"https:\/\/lahtihistoricrally.fi\/aikataulu\/\",\"name\":\"Aikataulu & Reitti - Lahti Historic Rally\",\"isPartOf\":{\"@id\":\"https:\/\/lahtihistoricrally.fi\/#website\"},\"primaryImageOfPage\":{\"@id\":\"https:\/\/lahtihistoricrally.fi\/aikataulu\/#primaryimage\"},\"image\":{\"@id\":\"https:\/\/lahtihistoricrally.fi\/aikataulu\/#primaryimage\"},\"thumbnailUrl\":\"https:\/\/i0.wp.com\/lahtihistoricrally.fi\/wp-content\/uploads\/2023\/03\/audi.jpg?fit=1920%2C1080&ssl=1\",\"datePublished\":\"2021-08-03T16:19:27+00:00\",\"dateModified\":\"2026-03-20T08:33:47+00:00\",\"breadcrumb\":{\"@id\":\"https:\/\/lahtihistoricrally.fi\/aikataulu\/#breadcrumb\"},\"inLanguage\":\"en-US\",\"potentialAction\":[{\"@type\":\"ReadAction\",\"target\":[\"https:\/\/lahtihistoricrally.fi\/aikataulu\/\"]}]},{\"@type\":\"ImageObject\",\"inLanguage\":\"en-US\",\"@id\":\"https:\/\/lahtihistoricrally.fi\/aikataulu\/#primaryimage\",\"url\":\"https:\/\/i0.wp.com\/lahtihistoricrally.fi\/wp-content\/uploads\/2023\/03\/audi.jpg?fit=1920%2C1080&ssl=1\",\"contentUrl\":\"https:\/\/i0.wp.com\/lahtihistoricrally.fi\/wp-content\/uploads\/2023\/03\/audi.jpg?fit=1920%2C1080&ssl=1\",\"width\":1920,\"height\":1080},{\"@type\":\"BreadcrumbList\",\"@id\":\"https:\/\/lahtihistoricrally.fi\/aikataulu\/#breadcrumb\",\"itemListElement\":[{\"@type\":\"ListItem\",\"position\":1,\"name\":\"Etusivu\",\"item\":\"https:\/\/lahtihistoricrally.fi\/\"},{\"@type\":\"ListItem\",\"position\":2,\"name\":\"Aikataulu &#038; Reitti\"}]},{\"@type\":\"WebSite\",\"@id\":\"https:\/\/lahtihistoricrally.fi\/#website\",\"url\":\"https:\/\/lahtihistoricrally.fi\/\",\"name\":\"Lahti Historic Rally\",\"description\":\"FIA European Historic Rally Championship\",\"publisher\":{\"@id\":\"https:\/\/lahtihistoricrally.fi\/#organization\"},\"potentialAction\":[{\"@type\":\"SearchAction\",\"target\":{\"@type\":\"EntryPoint\",\"urlTemplate\":\"https:\/\/lahtihistoricrally.fi\/?s={search_term_string}\"},\"query-input\":{\"@type\":\"PropertyValueSpecification\",\"valueRequired\":true,\"valueName\":\"search_term_string\"}}],\"inLanguage\":\"en-US\"},{\"@type\":\"Organization\",\"@id\":\"https:\/\/lahtihistoricrally.fi\/#organization\",\"name\":\"Lahti Historic Rally\",\"url\":\"https:\/\/lahtihistoricrally.fi\/\",\"logo\":{\"@type\":\"ImageObject\",\"inLanguage\":\"en-US\",\"@id\":\"https:\/\/lahtihistoricrally.fi\/#\/schema\/logo\/image\/\",\"url\":\"https:\/\/i0.wp.com\/lahtihistoricrally.fi\/wp-content\/uploads\/2024\/07\/lahti_historic_rally_logo_blue_800.png?fit=800%2C371&ssl=1\",\"contentUrl\":\"https:\/\/i0.wp.com\/lahtihistoricrally.fi\/wp-content\/uploads\/2024\/07\/lahti_historic_rally_logo_blue_800.png?fit=800%2C371&ssl=1\",\"width\":800,\"height\":371,\"caption\":\"Lahti Historic Rally\"},\"image\":{\"@id\":\"https:\/\/lahtihistoricrally.fi\/#\/schema\/logo\/image\/\"}}]}<\/script>\n<!-- \/ Yoast SEO plugin. -->","yoast_head_json":{"title":"Aikataulu & Reitti - Lahti Historic Rally","robots":{"index":"index","follow":"follow","max-snippet":"max-snippet:-1","max-image-preview":"max-image-preview:large","max-video-preview":"max-video-preview:-1"},"canonical":"https:\/\/lahtihistoricrally.fi\/en\/aikataulu\/","og_locale":"en_US","og_type":"article","og_title":"Aikataulu & Reitti - Lahti Historic Rally","og_description":"Lahti Historic Rallyn reittikartta ja erikoiskoeaikataulu 2026 EM Lahti Historic Rallin sek\u00e4 HRT-osakilpailujen osalta aikataulut julkaistaan my\u00f6hemmin. Ty\u00f6t\u00e4 on tehty jo monta kuukautta ja pikku hiljaa suunnitelmat varmistuvat, mink\u00e4 j\u00e4lkeen voimme niist\u00e4 tiedottaa. Kilpailu alkaa perjantaina 21.8.2026 aamup\u00e4iv\u00e4ll\u00e4 ja y\u00f6tauolle tullaan kolmen, kahdesti ajettavan mets\u00e4erikoiskokeen sek\u00e4 yhden yleis\u00f6erikoiskokeen j\u00e4lkeen.\u00a0 Lauantaina [&hellip;]","og_url":"https:\/\/lahtihistoricrally.fi\/en\/aikataulu\/","og_site_name":"Lahti Historic Rally","article_modified_time":"2026-03-20T08:33:47+00:00","og_image":[{"width":1920,"height":1080,"url":"https:\/\/lahtihistoricrally.fi\/wp-content\/uploads\/2023\/03\/audi.jpg","type":"image\/jpeg"}],"twitter_card":"summary_large_image","schema":{"@context":"https:\/\/schema.org","@graph":[{"@type":"WebPage","@id":"https:\/\/lahtihistoricrally.fi\/aikataulu\/","url":"https:\/\/lahtihistoricrally.fi\/aikataulu\/","name":"Aikataulu & Reitti - Lahti Historic Rally","isPartOf":{"@id":"https:\/\/lahtihistoricrally.fi\/#website"},"primaryImageOfPage":{"@id":"https:\/\/lahtihistoricrally.fi\/aikataulu\/#primaryimage"},"image":{"@id":"https:\/\/lahtihistoricrally.fi\/aikataulu\/#primaryimage"},"thumbnailUrl":"https:\/\/i0.wp.com\/lahtihistoricrally.fi\/wp-content\/uploads\/2023\/03\/audi.jpg?fit=1920%2C1080&ssl=1","datePublished":"2021-08-03T16:19:27+00:00","dateModified":"2026-03-20T08:33:47+00:00","breadcrumb":{"@id":"https:\/\/lahtihistoricrally.fi\/aikataulu\/#breadcrumb"},"inLanguage":"en-US","potentialAction":[{"@type":"ReadAction","target":["https:\/\/lahtihistoricrally.fi\/aikataulu\/"]}]},{"@type":"ImageObject","inLanguage":"en-US","@id":"https:\/\/lahtihistoricrally.fi\/aikataulu\/#primaryimage","url":"https:\/\/i0.wp.com\/lahtihistoricrally.fi\/wp-content\/uploads\/2023\/03\/audi.jpg?fit=1920%2C1080&ssl=1","contentUrl":"https:\/\/i0.wp.com\/lahtihistoricrally.fi\/wp-content\/uploads\/2023\/03\/audi.jpg?fit=1920%2C1080&ssl=1","width":1920,"height":1080},{"@type":"BreadcrumbList","@id":"https:\/\/lahtihistoricrally.fi\/aikataulu\/#breadcrumb","itemListElement":[{"@type":"ListItem","position":1,"name":"Etusivu","item":"https:\/\/lahtihistoricrally.fi\/"},{"@type":"ListItem","position":2,"name":"Aikataulu &#038; Reitti"}]},{"@type":"WebSite","@id":"https:\/\/lahtihistoricrally.fi\/#website","url":"https:\/\/lahtihistoricrally.fi\/","name":"Lahti Historic Rally","description":"FIA European Historic Rally Championship","publisher":{"@id":"https:\/\/lahtihistoricrally.fi\/#organization"},"potentialAction":[{"@type":"SearchAction","target":{"@type":"EntryPoint","urlTemplate":"https:\/\/lahtihistoricrally.fi\/?s={search_term_string}"},"query-input":{"@type":"PropertyValueSpecification","valueRequired":true,"valueName":"search_term_string"}}],"inLanguage":"en-US"},{"@type":"Organization","@id":"https:\/\/lahtihistoricrally.fi\/#organization","name":"Lahti Historic Rally","url":"https:\/\/lahtihistoricrally.fi\/","logo":{"@type":"ImageObject","inLanguage":"en-US","@id":"https:\/\/lahtihistoricrally.fi\/#\/schema\/logo\/image\/","url":"https:\/\/i0.wp.com\/lahtihistoricrally.fi\/wp-content\/uploads\/2024\/07\/lahti_historic_rally_logo_blue_800.png?fit=800%2C371&ssl=1","contentUrl":"https:\/\/i0.wp.com\/lahtihistoricrally.fi\/wp-content\/uploads\/2024\/07\/lahti_historic_rally_logo_blue_800.png?fit=800%2C371&ssl=1","width":800,"height":371,"caption":"Lahti Historic Rally"},"image":{"@id":"https:\/\/lahtihistoricrally.fi\/#\/schema\/logo\/image\/"}}]}},"jetpack_sharing_enabled":true,"_links":{"self":[{"href":"https:\/\/lahtihistoricrally.fi\/en\/wp-json\/wp\/v2\/pages\/1604","targetHints":{"allow":["GET"]}}],"collection":[{"href":"https:\/\/lahtihistoricrally.fi\/en\/wp-json\/wp\/v2\/pages"}],"about":[{"href":"https:\/\/lahtihistoricrally.fi\/en\/wp-json\/wp\/v2\/types\/page"}],"author":[{"embeddable":true,"href":"https:\/\/lahtihistoricrally.fi\/en\/wp-json\/wp\/v2\/users\/5"}],"replies":[{"embeddable":true,"href":"https:\/\/lahtihistoricrally.fi\/en\/wp-json\/wp\/v2\/comments?post=1604"}],"version-history":[{"count":133,"href":"https:\/\/lahtihistoricrally.fi\/en\/wp-json\/wp\/v2\/pages\/1604\/revisions"}],"predecessor-version":[{"id":5627,"href":"https:\/\/lahtihistoricrally.fi\/en\/wp-json\/wp\/v2\/pages\/1604\/revisions\/5627"}],"wp:featuredmedia":[{"embeddable":true,"href":"https:\/\/lahtihistoricrally.fi\/en\/wp-json\/wp\/v2\/media\/2080"}],"wp:attachment":[{"href":"https:\/\/lahtihistoricrally.fi\/en\/wp-json\/wp\/v2\/media?parent=1604"}],"curies":[{"name":"wp","href":"https:\/\/api.w.org\/{rel}","templated":true}]}}