{"id":2096,"date":"2023-03-10T11:40:11","date_gmt":"2023-03-10T09:40:11","guid":{"rendered":"https:\/\/lahtihistoricrally.fi\/?page_id=2096"},"modified":"2026-03-20T10:12:50","modified_gmt":"2026-03-20T08:12:50","slug":"kilpailut","status":"publish","type":"page","link":"https:\/\/lahtihistoricrally.fi\/en\/kilpailut\/","title":{"rendered":"Competitions"},"content":{"rendered":"<div data-elementor-type=\"wp-page\" data-elementor-id=\"2096\" class=\"elementor elementor-2096\" data-elementor-post-type=\"page\">\n\t\t\t\t\t\t<section class=\"elementor-section elementor-top-section elementor-element elementor-element-af7b58a elementor-section-boxed elementor-section-height-default elementor-section-height-default\" data-id=\"af7b58a\" data-element_type=\"section\" data-e-type=\"section\">\n\t\t\t\t\t\t<div class=\"elementor-container elementor-column-gap-default\">\n\t\t\t\t\t<div class=\"elementor-column elementor-col-100 elementor-top-column elementor-element elementor-element-9943a33\" data-id=\"9943a33\" data-element_type=\"column\" data-e-type=\"column\">\n\t\t\t<div class=\"elementor-widget-wrap elementor-element-populated\">\n\t\t\t\t\t\t<div class=\"elementor-element elementor-element-5634540 elementor-widget elementor-widget-heading\" data-id=\"5634540\" data-element_type=\"widget\" data-e-type=\"widget\" data-widget_type=\"heading.default\">\n\t\t\t\t<div class=\"elementor-widget-container\">\n\t\t\t\t\t<h2 class=\"elementor-heading-title elementor-size-default\">LAHTI HISTORIC RALLY 2026<\/h2>\t\t\t\t<\/div>\n\t\t\t\t<\/div>\n\t\t\t\t\t<\/div>\n\t\t<\/div>\n\t\t\t\t\t<\/div>\n\t\t<\/section>\n\t\t\t\t<section class=\"elementor-section elementor-top-section elementor-element elementor-element-061df44 elementor-section-boxed elementor-section-height-default elementor-section-height-default\" data-id=\"061df44\" data-element_type=\"section\" data-e-type=\"section\">\n\t\t\t\t\t\t<div class=\"elementor-container elementor-column-gap-default\">\n\t\t\t\t\t<div class=\"elementor-column elementor-col-100 elementor-top-column elementor-element elementor-element-7489f68\" data-id=\"7489f68\" data-element_type=\"column\" data-e-type=\"column\">\n\t\t\t<div class=\"elementor-widget-wrap elementor-element-populated\">\n\t\t\t\t\t\t<div class=\"elementor-element elementor-element-ac0652c elementor-widget elementor-widget-text-editor\" data-id=\"ac0652c\" data-element_type=\"widget\" data-e-type=\"widget\" data-widget_type=\"text-editor.default\">\n\t\t\t\t<div class=\"elementor-widget-container\">\n\t\t\t\t\t\t\t\t\t<p class=\"translation-block\">Lahti Historic Rally is round 6\/10 of the FIA European Historic Rally Championship. The Finnish Rally Championship\u2019s round 6\/7 takes places at the same time, as well as Historic Rally Trophy round 4\/6 including Historic Regurality Rally Trophy.<\/p><p>EM-osakilpailu on FIA:n t\u00e4n\u00e4 vuonna erillisen\u00e4 ajettavan sorarallisarjan osakilpailu 3\/5. Kaikkiin sorarallisarjan osakilpailuihin voivat osallistua kaikilla EM-sarjaan hyv\u00e4ksytyill\u00e4 historic-autoilla. Niille on omat mestaruussarjansa, joista ker\u00e4\u00e4v\u00e4t pisteit\u00e4 niiden mestaruustaisteluissa.<\/p>\t\t\t\t\t\t\t\t<\/div>\n\t\t\t\t<\/div>\n\t\t\t\t\t<\/div>\n\t\t<\/div>\n\t\t\t\t\t<\/div>\n\t\t<\/section>\n\t\t\t\t<\/div>","protected":false},"excerpt":{"rendered":"<p>LAHTI HISTORIC RALLY 2026 Lahti Historic Rally -tapahtuma sis\u00e4lt\u00e4\u00e4 kaksi erillist\u00e4 rallikilpailua; kansainv\u00e4lisen FIA:n historicien EM-osakilpailun sek\u00e4 kansallisen rallin; Lahti SM-rallin, joka sis\u00e4lt\u00e4\u00e4 Historic Rally Trophy- sek\u00e4 Historic Tasanopeus -sarjan osakilpailun. EM-osakilpailu on FIA:n t\u00e4n\u00e4 vuonna erillisen\u00e4 ajettavan sorarallisarjan osakilpailu 3\/5. Kaikkiin sorarallisarjan osakilpailuihin voivat osallistua kaikilla EM-sarjaan hyv\u00e4ksytyill\u00e4 historic-autoilla. [&hellip;]<\/p>\n","protected":false},"author":8,"featured_media":2079,"parent":0,"menu_order":0,"comment_status":"closed","ping_status":"closed","template":"","meta":{"_themeisle_gutenberg_block_has_review":false,"footnotes":""},"class_list":["post-2096","page","type-page","status-publish","has-post-thumbnail","hentry"],"yoast_head":"<!-- This site is optimized with the Yoast SEO plugin v26.9 - https:\/\/yoast.com\/product\/yoast-seo-wordpress\/ -->\n<title>Kilpailut - Lahti Historic Rally<\/title>\n<meta name=\"robots\" content=\"index, follow, max-snippet:-1, max-image-preview:large, max-video-preview:-1\" \/>\n<link rel=\"canonical\" href=\"https:\/\/lahtihistoricrally.fi\/en\/kilpailut\/\" \/>\n<meta property=\"og:locale\" content=\"en_US\" \/>\n<meta property=\"og:type\" content=\"article\" \/>\n<meta property=\"og:title\" content=\"Kilpailut - Lahti Historic Rally\" \/>\n<meta property=\"og:description\" content=\"LAHTI HISTORIC RALLY 2026 Lahti Historic Rally -tapahtuma sis\u00e4lt\u00e4\u00e4 kaksi erillist\u00e4 rallikilpailua; kansainv\u00e4lisen FIA:n historicien EM-osakilpailun sek\u00e4 kansallisen rallin; Lahti SM-rallin, joka sis\u00e4lt\u00e4\u00e4 Historic Rally Trophy- sek\u00e4 Historic Tasanopeus -sarjan osakilpailun. EM-osakilpailu on FIA:n t\u00e4n\u00e4 vuonna erillisen\u00e4 ajettavan sorarallisarjan osakilpailu 3\/5. Kaikkiin sorarallisarjan osakilpailuihin voivat osallistua kaikilla EM-sarjaan hyv\u00e4ksytyill\u00e4 historic-autoilla. [&hellip;]\" \/>\n<meta property=\"og:url\" content=\"https:\/\/lahtihistoricrally.fi\/en\/kilpailut\/\" \/>\n<meta property=\"og:site_name\" content=\"Lahti Historic Rally\" \/>\n<meta property=\"article:modified_time\" content=\"2026-03-20T08:12:50+00:00\" \/>\n<meta property=\"og:image\" content=\"https:\/\/lahtihistoricrally.fi\/wp-content\/uploads\/2023\/03\/audi_side.jpg\" \/>\n\t<meta property=\"og:image:width\" content=\"1920\" \/>\n\t<meta property=\"og:image:height\" content=\"1080\" \/>\n\t<meta property=\"og:image:type\" content=\"image\/jpeg\" \/>\n<meta name=\"twitter:card\" content=\"summary_large_image\" \/>\n<script type=\"application\/ld+json\" class=\"yoast-schema-graph\">{\"@context\":\"https:\/\/schema.org\",\"@graph\":[{\"@type\":\"WebPage\",\"@id\":\"https:\/\/lahtihistoricrally.fi\/kilpailut\/\",\"url\":\"https:\/\/lahtihistoricrally.fi\/kilpailut\/\",\"name\":\"Kilpailut - Lahti Historic Rally\",\"isPartOf\":{\"@id\":\"https:\/\/lahtihistoricrally.fi\/#website\"},\"primaryImageOfPage\":{\"@id\":\"https:\/\/lahtihistoricrally.fi\/kilpailut\/#primaryimage\"},\"image\":{\"@id\":\"https:\/\/lahtihistoricrally.fi\/kilpailut\/#primaryimage\"},\"thumbnailUrl\":\"https:\/\/i0.wp.com\/lahtihistoricrally.fi\/wp-content\/uploads\/2023\/03\/audi_side.jpg?fit=1920%2C1080&ssl=1\",\"datePublished\":\"2023-03-10T09:40:11+00:00\",\"dateModified\":\"2026-03-20T08:12:50+00:00\",\"breadcrumb\":{\"@id\":\"https:\/\/lahtihistoricrally.fi\/kilpailut\/#breadcrumb\"},\"inLanguage\":\"en-US\",\"potentialAction\":[{\"@type\":\"ReadAction\",\"target\":[\"https:\/\/lahtihistoricrally.fi\/kilpailut\/\"]}]},{\"@type\":\"ImageObject\",\"inLanguage\":\"en-US\",\"@id\":\"https:\/\/lahtihistoricrally.fi\/kilpailut\/#primaryimage\",\"url\":\"https:\/\/i0.wp.com\/lahtihistoricrally.fi\/wp-content\/uploads\/2023\/03\/audi_side.jpg?fit=1920%2C1080&ssl=1\",\"contentUrl\":\"https:\/\/i0.wp.com\/lahtihistoricrally.fi\/wp-content\/uploads\/2023\/03\/audi_side.jpg?fit=1920%2C1080&ssl=1\",\"width\":1920,\"height\":1080},{\"@type\":\"BreadcrumbList\",\"@id\":\"https:\/\/lahtihistoricrally.fi\/kilpailut\/#breadcrumb\",\"itemListElement\":[{\"@type\":\"ListItem\",\"position\":1,\"name\":\"Etusivu\",\"item\":\"https:\/\/lahtihistoricrally.fi\/\"},{\"@type\":\"ListItem\",\"position\":2,\"name\":\"Kilpailut\"}]},{\"@type\":\"WebSite\",\"@id\":\"https:\/\/lahtihistoricrally.fi\/#website\",\"url\":\"https:\/\/lahtihistoricrally.fi\/\",\"name\":\"Lahti Historic Rally\",\"description\":\"FIA European Historic Rally Championship\",\"publisher\":{\"@id\":\"https:\/\/lahtihistoricrally.fi\/#organization\"},\"potentialAction\":[{\"@type\":\"SearchAction\",\"target\":{\"@type\":\"EntryPoint\",\"urlTemplate\":\"https:\/\/lahtihistoricrally.fi\/?s={search_term_string}\"},\"query-input\":{\"@type\":\"PropertyValueSpecification\",\"valueRequired\":true,\"valueName\":\"search_term_string\"}}],\"inLanguage\":\"en-US\"},{\"@type\":\"Organization\",\"@id\":\"https:\/\/lahtihistoricrally.fi\/#organization\",\"name\":\"Lahti Historic Rally\",\"url\":\"https:\/\/lahtihistoricrally.fi\/\",\"logo\":{\"@type\":\"ImageObject\",\"inLanguage\":\"en-US\",\"@id\":\"https:\/\/lahtihistoricrally.fi\/#\/schema\/logo\/image\/\",\"url\":\"https:\/\/i0.wp.com\/lahtihistoricrally.fi\/wp-content\/uploads\/2024\/07\/lahti_historic_rally_logo_blue_800.png?fit=800%2C371&ssl=1\",\"contentUrl\":\"https:\/\/i0.wp.com\/lahtihistoricrally.fi\/wp-content\/uploads\/2024\/07\/lahti_historic_rally_logo_blue_800.png?fit=800%2C371&ssl=1\",\"width\":800,\"height\":371,\"caption\":\"Lahti Historic Rally\"},\"image\":{\"@id\":\"https:\/\/lahtihistoricrally.fi\/#\/schema\/logo\/image\/\"}}]}<\/script>\n<!-- \/ Yoast SEO plugin. -->","yoast_head_json":{"title":"Kilpailut - Lahti Historic Rally","robots":{"index":"index","follow":"follow","max-snippet":"max-snippet:-1","max-image-preview":"max-image-preview:large","max-video-preview":"max-video-preview:-1"},"canonical":"https:\/\/lahtihistoricrally.fi\/en\/kilpailut\/","og_locale":"en_US","og_type":"article","og_title":"Kilpailut - Lahti Historic Rally","og_description":"LAHTI HISTORIC RALLY 2026 Lahti Historic Rally -tapahtuma sis\u00e4lt\u00e4\u00e4 kaksi erillist\u00e4 rallikilpailua; kansainv\u00e4lisen FIA:n historicien EM-osakilpailun sek\u00e4 kansallisen rallin; Lahti SM-rallin, joka sis\u00e4lt\u00e4\u00e4 Historic Rally Trophy- sek\u00e4 Historic Tasanopeus -sarjan osakilpailun. EM-osakilpailu on FIA:n t\u00e4n\u00e4 vuonna erillisen\u00e4 ajettavan sorarallisarjan osakilpailu 3\/5. Kaikkiin sorarallisarjan osakilpailuihin voivat osallistua kaikilla EM-sarjaan hyv\u00e4ksytyill\u00e4 historic-autoilla. [&hellip;]","og_url":"https:\/\/lahtihistoricrally.fi\/en\/kilpailut\/","og_site_name":"Lahti Historic Rally","article_modified_time":"2026-03-20T08:12:50+00:00","og_image":[{"width":1920,"height":1080,"url":"https:\/\/lahtihistoricrally.fi\/wp-content\/uploads\/2023\/03\/audi_side.jpg","type":"image\/jpeg"}],"twitter_card":"summary_large_image","schema":{"@context":"https:\/\/schema.org","@graph":[{"@type":"WebPage","@id":"https:\/\/lahtihistoricrally.fi\/kilpailut\/","url":"https:\/\/lahtihistoricrally.fi\/kilpailut\/","name":"Kilpailut - Lahti Historic Rally","isPartOf":{"@id":"https:\/\/lahtihistoricrally.fi\/#website"},"primaryImageOfPage":{"@id":"https:\/\/lahtihistoricrally.fi\/kilpailut\/#primaryimage"},"image":{"@id":"https:\/\/lahtihistoricrally.fi\/kilpailut\/#primaryimage"},"thumbnailUrl":"https:\/\/i0.wp.com\/lahtihistoricrally.fi\/wp-content\/uploads\/2023\/03\/audi_side.jpg?fit=1920%2C1080&ssl=1","datePublished":"2023-03-10T09:40:11+00:00","dateModified":"2026-03-20T08:12:50+00:00","breadcrumb":{"@id":"https:\/\/lahtihistoricrally.fi\/kilpailut\/#breadcrumb"},"inLanguage":"en-US","potentialAction":[{"@type":"ReadAction","target":["https:\/\/lahtihistoricrally.fi\/kilpailut\/"]}]},{"@type":"ImageObject","inLanguage":"en-US","@id":"https:\/\/lahtihistoricrally.fi\/kilpailut\/#primaryimage","url":"https:\/\/i0.wp.com\/lahtihistoricrally.fi\/wp-content\/uploads\/2023\/03\/audi_side.jpg?fit=1920%2C1080&ssl=1","contentUrl":"https:\/\/i0.wp.com\/lahtihistoricrally.fi\/wp-content\/uploads\/2023\/03\/audi_side.jpg?fit=1920%2C1080&ssl=1","width":1920,"height":1080},{"@type":"BreadcrumbList","@id":"https:\/\/lahtihistoricrally.fi\/kilpailut\/#breadcrumb","itemListElement":[{"@type":"ListItem","position":1,"name":"Etusivu","item":"https:\/\/lahtihistoricrally.fi\/"},{"@type":"ListItem","position":2,"name":"Kilpailut"}]},{"@type":"WebSite","@id":"https:\/\/lahtihistoricrally.fi\/#website","url":"https:\/\/lahtihistoricrally.fi\/","name":"Lahti Historic Rally","description":"FIA European Historic Rally Championship","publisher":{"@id":"https:\/\/lahtihistoricrally.fi\/#organization"},"potentialAction":[{"@type":"SearchAction","target":{"@type":"EntryPoint","urlTemplate":"https:\/\/lahtihistoricrally.fi\/?s={search_term_string}"},"query-input":{"@type":"PropertyValueSpecification","valueRequired":true,"valueName":"search_term_string"}}],"inLanguage":"en-US"},{"@type":"Organization","@id":"https:\/\/lahtihistoricrally.fi\/#organization","name":"Lahti Historic Rally","url":"https:\/\/lahtihistoricrally.fi\/","logo":{"@type":"ImageObject","inLanguage":"en-US","@id":"https:\/\/lahtihistoricrally.fi\/#\/schema\/logo\/image\/","url":"https:\/\/i0.wp.com\/lahtihistoricrally.fi\/wp-content\/uploads\/2024\/07\/lahti_historic_rally_logo_blue_800.png?fit=800%2C371&ssl=1","contentUrl":"https:\/\/i0.wp.com\/lahtihistoricrally.fi\/wp-content\/uploads\/2024\/07\/lahti_historic_rally_logo_blue_800.png?fit=800%2C371&ssl=1","width":800,"height":371,"caption":"Lahti Historic Rally"},"image":{"@id":"https:\/\/lahtihistoricrally.fi\/#\/schema\/logo\/image\/"}}]}},"jetpack_sharing_enabled":true,"_links":{"self":[{"href":"https:\/\/lahtihistoricrally.fi\/en\/wp-json\/wp\/v2\/pages\/2096","targetHints":{"allow":["GET"]}}],"collection":[{"href":"https:\/\/lahtihistoricrally.fi\/en\/wp-json\/wp\/v2\/pages"}],"about":[{"href":"https:\/\/lahtihistoricrally.fi\/en\/wp-json\/wp\/v2\/types\/page"}],"author":[{"embeddable":true,"href":"https:\/\/lahtihistoricrally.fi\/en\/wp-json\/wp\/v2\/users\/8"}],"replies":[{"embeddable":true,"href":"https:\/\/lahtihistoricrally.fi\/en\/wp-json\/wp\/v2\/comments?post=2096"}],"version-history":[{"count":75,"href":"https:\/\/lahtihistoricrally.fi\/en\/wp-json\/wp\/v2\/pages\/2096\/revisions"}],"predecessor-version":[{"id":5603,"href":"https:\/\/lahtihistoricrally.fi\/en\/wp-json\/wp\/v2\/pages\/2096\/revisions\/5603"}],"wp:featuredmedia":[{"embeddable":true,"href":"https:\/\/lahtihistoricrally.fi\/en\/wp-json\/wp\/v2\/media\/2079"}],"wp:attachment":[{"href":"https:\/\/lahtihistoricrally.fi\/en\/wp-json\/wp\/v2\/media?parent=2096"}],"curies":[{"name":"wp","href":"https:\/\/api.w.org\/{rel}","templated":true}]}}