{"id":2117,"date":"2023-03-10T11:44:02","date_gmt":"2023-03-10T09:44:02","guid":{"rendered":"https:\/\/lahtihistoricrally.fi\/?page_id=2117"},"modified":"2026-03-20T10:48:48","modified_gmt":"2026-03-20T08:48:48","slug":"tulospalvelu","status":"publish","type":"page","link":"https:\/\/lahtihistoricrally.fi\/en\/tulospalvelu\/","title":{"rendered":"Standings"},"content":{"rendered":"<div data-elementor-type=\"wp-page\" data-elementor-id=\"2117\" class=\"elementor elementor-2117\" data-elementor-post-type=\"page\">\n\t\t\t\t\t\t<section class=\"elementor-section elementor-top-section elementor-element elementor-element-b641471 elementor-section-boxed elementor-section-height-default elementor-section-height-default\" data-id=\"b641471\" data-element_type=\"section\" data-e-type=\"section\">\n\t\t\t\t\t\t<div class=\"elementor-container elementor-column-gap-default\">\n\t\t\t\t\t<div class=\"elementor-column elementor-col-100 elementor-top-column elementor-element elementor-element-0c21f90\" data-id=\"0c21f90\" data-element_type=\"column\" data-e-type=\"column\">\n\t\t\t<div class=\"elementor-widget-wrap elementor-element-populated\">\n\t\t\t\t\t\t<div class=\"elementor-element elementor-element-27abc06 elementor-widget elementor-widget-heading\" data-id=\"27abc06\" data-element_type=\"widget\" data-e-type=\"widget\" data-widget_type=\"heading.default\">\n\t\t\t\t<div class=\"elementor-widget-container\">\n\t\t\t\t\t<h2 class=\"elementor-heading-title elementor-size-default\">Sarjapisteet 2026<\/h2>\t\t\t\t<\/div>\n\t\t\t\t<\/div>\n\t\t\t\t\t<\/div>\n\t\t<\/div>\n\t\t\t\t\t<\/div>\n\t\t<\/section>\n\t\t\t\t<section class=\"elementor-section elementor-top-section elementor-element elementor-element-fbdb6a4 elementor-section-boxed elementor-section-height-default elementor-section-height-default\" data-id=\"fbdb6a4\" data-element_type=\"section\" data-e-type=\"section\">\n\t\t\t\t\t\t<div class=\"elementor-container elementor-column-gap-default\">\n\t\t\t\t\t<div class=\"elementor-column elementor-col-100 elementor-top-column elementor-element elementor-element-df5f1c9\" data-id=\"df5f1c9\" data-element_type=\"column\" data-e-type=\"column\">\n\t\t\t<div class=\"elementor-widget-wrap\">\n\t\t\t\t\t\t\t<\/div>\n\t\t<\/div>\n\t\t\t\t\t<\/div>\n\t\t<\/section>\n\t\t\t\t<section class=\"elementor-section elementor-top-section elementor-element elementor-element-89867d1 elementor-section-boxed elementor-section-height-default elementor-section-height-default\" data-id=\"89867d1\" data-element_type=\"section\" data-e-type=\"section\">\n\t\t\t\t\t\t<div class=\"elementor-container elementor-column-gap-default\">\n\t\t\t\t\t<div class=\"elementor-column elementor-col-100 elementor-top-column elementor-element elementor-element-1daff7b\" data-id=\"1daff7b\" data-element_type=\"column\" data-e-type=\"column\">\n\t\t\t<div class=\"elementor-widget-wrap elementor-element-populated\">\n\t\t\t\t\t\t<div class=\"elementor-element elementor-element-abf655f elementor-widget elementor-widget-text-editor\" data-id=\"abf655f\" data-element_type=\"widget\" data-e-type=\"widget\" data-widget_type=\"text-editor.default\">\n\t\t\t\t<div class=\"elementor-widget-container\">\n\t\t\t\t\t\t\t\t\t<p>Lahti Historic Rally sis\u00e4lt\u00e4\u00e4 kahden arvosarjan osakilpailut samassa tapahtumassa: FIA:n historic-rallien EM-osakilpailun sek\u00e4 Historic Rally Trophy -sarjan, jossa ajavat my\u00f6s Historic Regularity Rally Trophy -sarjan (tasanopeussarjan) kilpailijat. Vuonna 2026 EM-sarjassa Lahti Historic Rally on FIA:n t\u00e4n\u00e4 vuonna ensimm\u00e4ist\u00e4 kertaa ajettavan sorarallisarjan osakisa 3\/5.<\/p><p>HRT\/HRRT-sarjasta on nyt ajettu kaksi osakilpailua kuudesta: Kiuruvesi ja Tuuri.\u00a0<\/p><p><strong><a href=\"https:\/\/lahtihistoricrally.fi\/wp-content\/uploads\/2026\/03\/HRT-pistetilanteet_11_02_2026.pdf\">T\u00e4st\u00e4 linkist\u00e4 l\u00f6yd\u00e4t HRT-pistetilanteet<\/a><\/strong><\/p><p>Nyt (12.3.2026) on ajettu vasta historicien EM-sarjan ensimm\u00e4inen osakisa Espanjan Costa Brava -ralli.<\/p><p><strong><a href=\"https:\/\/lahtihistoricrally.fi\/wp-content\/uploads\/2026\/03\/FIA-EHRC-Pre-92-Points-Rd1-RCB.pdf\">This link will show the European Championship points standings.<\/a><\/strong><\/p>\t\t\t\t\t\t\t\t<\/div>\n\t\t\t\t<\/div>\n\t\t\t\t\t<\/div>\n\t\t<\/div>\n\t\t\t\t\t<\/div>\n\t\t<\/section>\n\t\t\t\t<\/div>","protected":false},"excerpt":{"rendered":"<p>Sarjapisteet 2026 Lahti Historic Rally sis\u00e4lt\u00e4\u00e4 kahden arvosarjan osakilpailut samassa tapahtumassa: FIA:n historic-rallien EM-osakilpailun sek\u00e4 Historic Rally Trophy -sarjan, jossa ajavat my\u00f6s Historic Regularity Rally Trophy -sarjan (tasanopeussarjan) kilpailijat. Vuonna 2026 EM-sarjassa Lahti Historic Rally on FIA:n t\u00e4n\u00e4 vuonna ensimm\u00e4ist\u00e4 kertaa ajettavan sorarallisarjan osakisa 3\/5. HRT\/HRRT-sarjasta on nyt ajettu kaksi [&hellip;]<\/p>\n","protected":false},"author":8,"featured_media":2082,"parent":0,"menu_order":0,"comment_status":"closed","ping_status":"closed","template":"page-templates\/template-pagebuilder-full-width.php","meta":{"_themeisle_gutenberg_block_has_review":false,"footnotes":""},"class_list":["post-2117","page","type-page","status-publish","has-post-thumbnail","hentry"],"yoast_head":"<!-- This site is optimized with the Yoast SEO plugin v26.9 - https:\/\/yoast.com\/product\/yoast-seo-wordpress\/ -->\n<title>Sarjapisteet - Lahti Historic Rally<\/title>\n<meta name=\"robots\" content=\"index, follow, max-snippet:-1, max-image-preview:large, max-video-preview:-1\" \/>\n<link rel=\"canonical\" href=\"https:\/\/lahtihistoricrally.fi\/en\/tulospalvelu\/\" \/>\n<meta property=\"og:locale\" content=\"en_US\" \/>\n<meta property=\"og:type\" content=\"article\" \/>\n<meta property=\"og:title\" content=\"Sarjapisteet - Lahti Historic Rally\" \/>\n<meta property=\"og:description\" content=\"Sarjapisteet 2026 Lahti Historic Rally sis\u00e4lt\u00e4\u00e4 kahden arvosarjan osakilpailut samassa tapahtumassa: FIA:n historic-rallien EM-osakilpailun sek\u00e4 Historic Rally Trophy -sarjan, jossa ajavat my\u00f6s Historic Regularity Rally Trophy -sarjan (tasanopeussarjan) kilpailijat. Vuonna 2026 EM-sarjassa Lahti Historic Rally on FIA:n t\u00e4n\u00e4 vuonna ensimm\u00e4ist\u00e4 kertaa ajettavan sorarallisarjan osakisa 3\/5. HRT\/HRRT-sarjasta on nyt ajettu kaksi [&hellip;]\" \/>\n<meta property=\"og:url\" content=\"https:\/\/lahtihistoricrally.fi\/en\/tulospalvelu\/\" \/>\n<meta property=\"og:site_name\" content=\"Lahti Historic Rally\" \/>\n<meta property=\"article:modified_time\" content=\"2026-03-20T08:48:48+00:00\" \/>\n<meta property=\"og:image\" content=\"https:\/\/lahtihistoricrally.fi\/wp-content\/uploads\/2023\/03\/ford.jpg\" \/>\n\t<meta property=\"og:image:width\" content=\"1920\" \/>\n\t<meta property=\"og:image:height\" content=\"1080\" \/>\n\t<meta property=\"og:image:type\" content=\"image\/jpeg\" \/>\n<meta name=\"twitter:card\" content=\"summary_large_image\" \/>\n<script type=\"application\/ld+json\" class=\"yoast-schema-graph\">{\"@context\":\"https:\/\/schema.org\",\"@graph\":[{\"@type\":\"WebPage\",\"@id\":\"https:\/\/lahtihistoricrally.fi\/tulospalvelu\/\",\"url\":\"https:\/\/lahtihistoricrally.fi\/tulospalvelu\/\",\"name\":\"Sarjapisteet - Lahti Historic Rally\",\"isPartOf\":{\"@id\":\"https:\/\/lahtihistoricrally.fi\/#website\"},\"primaryImageOfPage\":{\"@id\":\"https:\/\/lahtihistoricrally.fi\/tulospalvelu\/#primaryimage\"},\"image\":{\"@id\":\"https:\/\/lahtihistoricrally.fi\/tulospalvelu\/#primaryimage\"},\"thumbnailUrl\":\"https:\/\/i0.wp.com\/lahtihistoricrally.fi\/wp-content\/uploads\/2023\/03\/ford.jpg?fit=1920%2C1080&ssl=1\",\"datePublished\":\"2023-03-10T09:44:02+00:00\",\"dateModified\":\"2026-03-20T08:48:48+00:00\",\"breadcrumb\":{\"@id\":\"https:\/\/lahtihistoricrally.fi\/tulospalvelu\/#breadcrumb\"},\"inLanguage\":\"en-US\",\"potentialAction\":[{\"@type\":\"ReadAction\",\"target\":[\"https:\/\/lahtihistoricrally.fi\/tulospalvelu\/\"]}]},{\"@type\":\"ImageObject\",\"inLanguage\":\"en-US\",\"@id\":\"https:\/\/lahtihistoricrally.fi\/tulospalvelu\/#primaryimage\",\"url\":\"https:\/\/i0.wp.com\/lahtihistoricrally.fi\/wp-content\/uploads\/2023\/03\/ford.jpg?fit=1920%2C1080&ssl=1\",\"contentUrl\":\"https:\/\/i0.wp.com\/lahtihistoricrally.fi\/wp-content\/uploads\/2023\/03\/ford.jpg?fit=1920%2C1080&ssl=1\",\"width\":1920,\"height\":1080},{\"@type\":\"BreadcrumbList\",\"@id\":\"https:\/\/lahtihistoricrally.fi\/tulospalvelu\/#breadcrumb\",\"itemListElement\":[{\"@type\":\"ListItem\",\"position\":1,\"name\":\"Etusivu\",\"item\":\"https:\/\/lahtihistoricrally.fi\/\"},{\"@type\":\"ListItem\",\"position\":2,\"name\":\"Sarjapisteet\"}]},{\"@type\":\"WebSite\",\"@id\":\"https:\/\/lahtihistoricrally.fi\/#website\",\"url\":\"https:\/\/lahtihistoricrally.fi\/\",\"name\":\"Lahti Historic Rally\",\"description\":\"FIA European Historic Rally Championship\",\"publisher\":{\"@id\":\"https:\/\/lahtihistoricrally.fi\/#organization\"},\"potentialAction\":[{\"@type\":\"SearchAction\",\"target\":{\"@type\":\"EntryPoint\",\"urlTemplate\":\"https:\/\/lahtihistoricrally.fi\/?s={search_term_string}\"},\"query-input\":{\"@type\":\"PropertyValueSpecification\",\"valueRequired\":true,\"valueName\":\"search_term_string\"}}],\"inLanguage\":\"en-US\"},{\"@type\":\"Organization\",\"@id\":\"https:\/\/lahtihistoricrally.fi\/#organization\",\"name\":\"Lahti Historic Rally\",\"url\":\"https:\/\/lahtihistoricrally.fi\/\",\"logo\":{\"@type\":\"ImageObject\",\"inLanguage\":\"en-US\",\"@id\":\"https:\/\/lahtihistoricrally.fi\/#\/schema\/logo\/image\/\",\"url\":\"https:\/\/i0.wp.com\/lahtihistoricrally.fi\/wp-content\/uploads\/2024\/07\/lahti_historic_rally_logo_blue_800.png?fit=800%2C371&ssl=1\",\"contentUrl\":\"https:\/\/i0.wp.com\/lahtihistoricrally.fi\/wp-content\/uploads\/2024\/07\/lahti_historic_rally_logo_blue_800.png?fit=800%2C371&ssl=1\",\"width\":800,\"height\":371,\"caption\":\"Lahti Historic Rally\"},\"image\":{\"@id\":\"https:\/\/lahtihistoricrally.fi\/#\/schema\/logo\/image\/\"}}]}<\/script>\n<!-- \/ Yoast SEO plugin. -->","yoast_head_json":{"title":"Sarjapisteet - Lahti Historic Rally","robots":{"index":"index","follow":"follow","max-snippet":"max-snippet:-1","max-image-preview":"max-image-preview:large","max-video-preview":"max-video-preview:-1"},"canonical":"https:\/\/lahtihistoricrally.fi\/en\/tulospalvelu\/","og_locale":"en_US","og_type":"article","og_title":"Sarjapisteet - Lahti Historic Rally","og_description":"Sarjapisteet 2026 Lahti Historic Rally sis\u00e4lt\u00e4\u00e4 kahden arvosarjan osakilpailut samassa tapahtumassa: FIA:n historic-rallien EM-osakilpailun sek\u00e4 Historic Rally Trophy -sarjan, jossa ajavat my\u00f6s Historic Regularity Rally Trophy -sarjan (tasanopeussarjan) kilpailijat. Vuonna 2026 EM-sarjassa Lahti Historic Rally on FIA:n t\u00e4n\u00e4 vuonna ensimm\u00e4ist\u00e4 kertaa ajettavan sorarallisarjan osakisa 3\/5. HRT\/HRRT-sarjasta on nyt ajettu kaksi [&hellip;]","og_url":"https:\/\/lahtihistoricrally.fi\/en\/tulospalvelu\/","og_site_name":"Lahti Historic Rally","article_modified_time":"2026-03-20T08:48:48+00:00","og_image":[{"width":1920,"height":1080,"url":"https:\/\/lahtihistoricrally.fi\/wp-content\/uploads\/2023\/03\/ford.jpg","type":"image\/jpeg"}],"twitter_card":"summary_large_image","schema":{"@context":"https:\/\/schema.org","@graph":[{"@type":"WebPage","@id":"https:\/\/lahtihistoricrally.fi\/tulospalvelu\/","url":"https:\/\/lahtihistoricrally.fi\/tulospalvelu\/","name":"Sarjapisteet - Lahti Historic Rally","isPartOf":{"@id":"https:\/\/lahtihistoricrally.fi\/#website"},"primaryImageOfPage":{"@id":"https:\/\/lahtihistoricrally.fi\/tulospalvelu\/#primaryimage"},"image":{"@id":"https:\/\/lahtihistoricrally.fi\/tulospalvelu\/#primaryimage"},"thumbnailUrl":"https:\/\/i0.wp.com\/lahtihistoricrally.fi\/wp-content\/uploads\/2023\/03\/ford.jpg?fit=1920%2C1080&ssl=1","datePublished":"2023-03-10T09:44:02+00:00","dateModified":"2026-03-20T08:48:48+00:00","breadcrumb":{"@id":"https:\/\/lahtihistoricrally.fi\/tulospalvelu\/#breadcrumb"},"inLanguage":"en-US","potentialAction":[{"@type":"ReadAction","target":["https:\/\/lahtihistoricrally.fi\/tulospalvelu\/"]}]},{"@type":"ImageObject","inLanguage":"en-US","@id":"https:\/\/lahtihistoricrally.fi\/tulospalvelu\/#primaryimage","url":"https:\/\/i0.wp.com\/lahtihistoricrally.fi\/wp-content\/uploads\/2023\/03\/ford.jpg?fit=1920%2C1080&ssl=1","contentUrl":"https:\/\/i0.wp.com\/lahtihistoricrally.fi\/wp-content\/uploads\/2023\/03\/ford.jpg?fit=1920%2C1080&ssl=1","width":1920,"height":1080},{"@type":"BreadcrumbList","@id":"https:\/\/lahtihistoricrally.fi\/tulospalvelu\/#breadcrumb","itemListElement":[{"@type":"ListItem","position":1,"name":"Etusivu","item":"https:\/\/lahtihistoricrally.fi\/"},{"@type":"ListItem","position":2,"name":"Sarjapisteet"}]},{"@type":"WebSite","@id":"https:\/\/lahtihistoricrally.fi\/#website","url":"https:\/\/lahtihistoricrally.fi\/","name":"Lahti Historic Rally","description":"FIA European Historic Rally Championship","publisher":{"@id":"https:\/\/lahtihistoricrally.fi\/#organization"},"potentialAction":[{"@type":"SearchAction","target":{"@type":"EntryPoint","urlTemplate":"https:\/\/lahtihistoricrally.fi\/?s={search_term_string}"},"query-input":{"@type":"PropertyValueSpecification","valueRequired":true,"valueName":"search_term_string"}}],"inLanguage":"en-US"},{"@type":"Organization","@id":"https:\/\/lahtihistoricrally.fi\/#organization","name":"Lahti Historic Rally","url":"https:\/\/lahtihistoricrally.fi\/","logo":{"@type":"ImageObject","inLanguage":"en-US","@id":"https:\/\/lahtihistoricrally.fi\/#\/schema\/logo\/image\/","url":"https:\/\/i0.wp.com\/lahtihistoricrally.fi\/wp-content\/uploads\/2024\/07\/lahti_historic_rally_logo_blue_800.png?fit=800%2C371&ssl=1","contentUrl":"https:\/\/i0.wp.com\/lahtihistoricrally.fi\/wp-content\/uploads\/2024\/07\/lahti_historic_rally_logo_blue_800.png?fit=800%2C371&ssl=1","width":800,"height":371,"caption":"Lahti Historic Rally"},"image":{"@id":"https:\/\/lahtihistoricrally.fi\/#\/schema\/logo\/image\/"}}]}},"jetpack_sharing_enabled":true,"_links":{"self":[{"href":"https:\/\/lahtihistoricrally.fi\/en\/wp-json\/wp\/v2\/pages\/2117","targetHints":{"allow":["GET"]}}],"collection":[{"href":"https:\/\/lahtihistoricrally.fi\/en\/wp-json\/wp\/v2\/pages"}],"about":[{"href":"https:\/\/lahtihistoricrally.fi\/en\/wp-json\/wp\/v2\/types\/page"}],"author":[{"embeddable":true,"href":"https:\/\/lahtihistoricrally.fi\/en\/wp-json\/wp\/v2\/users\/8"}],"replies":[{"embeddable":true,"href":"https:\/\/lahtihistoricrally.fi\/en\/wp-json\/wp\/v2\/comments?post=2117"}],"version-history":[{"count":160,"href":"https:\/\/lahtihistoricrally.fi\/en\/wp-json\/wp\/v2\/pages\/2117\/revisions"}],"predecessor-version":[{"id":5643,"href":"https:\/\/lahtihistoricrally.fi\/en\/wp-json\/wp\/v2\/pages\/2117\/revisions\/5643"}],"wp:featuredmedia":[{"embeddable":true,"href":"https:\/\/lahtihistoricrally.fi\/en\/wp-json\/wp\/v2\/media\/2082"}],"wp:attachment":[{"href":"https:\/\/lahtihistoricrally.fi\/en\/wp-json\/wp\/v2\/media?parent=2117"}],"curies":[{"name":"wp","href":"https:\/\/api.w.org\/{rel}","templated":true}]}}