{"id":2119,"date":"2023-03-10T11:44:15","date_gmt":"2023-03-10T09:44:15","guid":{"rendered":"https:\/\/lahtihistoricrally.fi\/?page_id=2119"},"modified":"2025-08-07T08:58:55","modified_gmt":"2025-08-07T06:58:55","slug":"turvallisuus","status":"publish","type":"page","link":"https:\/\/lahtihistoricrally.fi\/en\/turvallisuus\/","title":{"rendered":"Safety"},"content":{"rendered":"<div data-elementor-type=\"wp-page\" data-elementor-id=\"2119\" class=\"elementor elementor-2119\" data-elementor-post-type=\"page\">\n\t\t\t\t\t\t<section class=\"elementor-section elementor-top-section elementor-element elementor-element-8fbce10 elementor-section-boxed elementor-section-height-default elementor-section-height-default\" data-id=\"8fbce10\" data-element_type=\"section\" data-e-type=\"section\">\n\t\t\t\t\t\t<div class=\"elementor-container elementor-column-gap-default\">\n\t\t\t\t\t<div class=\"elementor-column elementor-col-100 elementor-top-column elementor-element elementor-element-386d65a\" data-id=\"386d65a\" data-element_type=\"column\" data-e-type=\"column\">\n\t\t\t<div class=\"elementor-widget-wrap elementor-element-populated\">\n\t\t\t\t\t\t<div class=\"elementor-element elementor-element-d34579c elementor-widget elementor-widget-heading\" data-id=\"d34579c\" data-element_type=\"widget\" data-e-type=\"widget\" data-widget_type=\"heading.default\">\n\t\t\t\t<div class=\"elementor-widget-container\">\n\t\t\t\t\t<h2 class=\"elementor-heading-title elementor-size-default\">Safety instructions for spectators<\/h2>\t\t\t\t<\/div>\n\t\t\t\t<\/div>\n\t\t\t\t\t<\/div>\n\t\t<\/div>\n\t\t\t\t\t<\/div>\n\t\t<\/section>\n\t\t\t\t<section class=\"elementor-section elementor-top-section elementor-element elementor-element-9d5be91 elementor-section-boxed elementor-section-height-default elementor-section-height-default\" data-id=\"9d5be91\" data-element_type=\"section\" data-e-type=\"section\">\n\t\t\t\t\t\t<div class=\"elementor-container elementor-column-gap-default\">\n\t\t\t\t\t<div class=\"elementor-column elementor-col-100 elementor-top-column elementor-element elementor-element-e163313\" data-id=\"e163313\" data-element_type=\"column\" data-e-type=\"column\">\n\t\t\t<div class=\"elementor-widget-wrap elementor-element-populated\">\n\t\t\t\t\t\t<div class=\"elementor-element elementor-element-dc86b4a elementor-widget elementor-widget-text-editor\" data-id=\"dc86b4a\" data-element_type=\"widget\" data-e-type=\"widget\" data-widget_type=\"text-editor.default\">\n\t\t\t\t<div class=\"elementor-widget-container\">\n\t\t\t\t\t\t\t\t\t<p style=\"font-weight: 400;\" class=\"translation-block\">Rally friend\u2013be a professional! Please honor the competitors and remember your own safety.<\/p><ul><li style=\"font-weight: 400;\"><span><\/span>Choose your spectating place early<\/li><li style=\"font-weight: 400;\"><span><\/span>Do not walk on road during the rally<\/li><li style=\"font-weight: 400;\"><span><\/span>Do not go to a restricted area<\/li><li style=\"font-weight: 400;\"><span><\/span>Please notify the sound of rally cars<\/li><li style=\"font-weight: 400;\"><span><\/span>Keep children under control<\/li><li style=\"font-weight: 400;\"><span><\/span>Do not appear drunk in public areas<\/li><li style=\"font-weight: 400;\"><span><\/span>Watch out for jumpdowns and the post-finish line area<\/li><li style=\"font-weight: 400;\"><span><\/span>Follow the officials\u00b4 instructions!<\/li><li style=\"font-weight: 400;\"><span><\/span>Enjoy what you see and pass it on to others<\/li><li style=\"font-weight: 400;\"><span><\/span><span>It is forbidden to move around the special stage after the Safety 2 Car until the demolition truck and rescue equipment have driven to the finish line of the special stage. <br \/>Please don\u2019t touch or stand in front of the signs or barriers set by the organizer!<\/span><\/li><\/ul>\t\t\t\t\t\t\t\t<\/div>\n\t\t\t\t<\/div>\n\t\t\t\t\t<\/div>\n\t\t<\/div>\n\t\t\t\t\t<\/div>\n\t\t<\/section>\n\t\t\t\t<section class=\"elementor-section elementor-top-section elementor-element elementor-element-4e56c31 elementor-section-boxed elementor-section-height-default elementor-section-height-default\" data-id=\"4e56c31\" data-element_type=\"section\" data-e-type=\"section\">\n\t\t\t\t\t\t<div class=\"elementor-container elementor-column-gap-default\">\n\t\t\t\t\t<div class=\"elementor-column elementor-col-100 elementor-top-column elementor-element elementor-element-11d44ef\" data-id=\"11d44ef\" data-element_type=\"column\" data-e-type=\"column\">\n\t\t\t<div class=\"elementor-widget-wrap elementor-element-populated\">\n\t\t\t\t\t\t<div class=\"elementor-element elementor-element-3fc2722 elementor-widget elementor-widget-image\" data-id=\"3fc2722\" data-element_type=\"widget\" data-e-type=\"widget\" data-widget_type=\"image.default\">\n\t\t\t\t<div class=\"elementor-widget-container\">\n\t\t\t\t\t\t\t\t\t\t\t\t\t\t\t<img fetchpriority=\"high\" decoding=\"async\" width=\"750\" height=\"588\" src=\"https:\/\/i0.wp.com\/lahtihistoricrally.fi\/wp-content\/uploads\/2023\/03\/turvakuva.jpg?fit=750%2C588&amp;ssl=1\" class=\"attachment-large size-large wp-image-2834\" alt=\"\" srcset=\"https:\/\/i0.wp.com\/lahtihistoricrally.fi\/wp-content\/uploads\/2023\/03\/turvakuva.jpg?w=1200&amp;ssl=1 1200w, https:\/\/i0.wp.com\/lahtihistoricrally.fi\/wp-content\/uploads\/2023\/03\/turvakuva.jpg?resize=500%2C392&amp;ssl=1 500w, https:\/\/i0.wp.com\/lahtihistoricrally.fi\/wp-content\/uploads\/2023\/03\/turvakuva.jpg?resize=768%2C602&amp;ssl=1 768w\" sizes=\"(max-width: 750px) 100vw, 750px\" \/>\t\t\t\t\t\t\t\t\t\t\t\t\t\t\t<\/div>\n\t\t\t\t<\/div>\n\t\t\t\t\t<\/div>\n\t\t<\/div>\n\t\t\t\t\t<\/div>\n\t\t<\/section>\n\t\t\t\t<\/div>","protected":false},"excerpt":{"rendered":"<p>Turvallisuusohjeet katsojille Rallin yst\u00e4v\u00e4,\u00a0ole asiantuntija\u00a0\u2013 kunnioita kilpailijoita\u00a0ja muista oma\u00a0turvallisuutesi! Valitse katselupaikka hyviss\u00e4 ajoin \u00c4l\u00e4 liiku tiell\u00e4 kilpailun aikana \u00c4l\u00e4 mene kielletylle alueelle Kuuntele autojen \u00e4\u00e4ni\u00e4 Pid\u00e4 lapset valvonnassa! \u00c4l\u00e4 esiinny p\u00e4ihtyneen\u00e4 Varo hyppyjen alastuloja ja maalin j\u00e4lkeist\u00e4 aluetta Noudata j\u00e4rjestyksenvalvojan ohjeita! Nauti n\u00e4kem\u00e4st\u00e4si ja suo se toisillekin Erikoiskokeella liikkuminen on [&hellip;]<\/p>\n","protected":false},"author":8,"featured_media":2082,"parent":0,"menu_order":0,"comment_status":"closed","ping_status":"closed","template":"","meta":{"_themeisle_gutenberg_block_has_review":false,"footnotes":""},"class_list":["post-2119","page","type-page","status-publish","has-post-thumbnail","hentry"],"yoast_head":"<!-- This site is optimized with the Yoast SEO plugin v26.9 - https:\/\/yoast.com\/product\/yoast-seo-wordpress\/ -->\n<title>Turvallisuus - Lahti Historic Rally<\/title>\n<meta name=\"robots\" content=\"index, follow, max-snippet:-1, max-image-preview:large, max-video-preview:-1\" \/>\n<link rel=\"canonical\" href=\"https:\/\/lahtihistoricrally.fi\/en\/turvallisuus\/\" \/>\n<meta property=\"og:locale\" content=\"en_US\" \/>\n<meta property=\"og:type\" content=\"article\" \/>\n<meta property=\"og:title\" content=\"Turvallisuus - Lahti Historic Rally\" \/>\n<meta property=\"og:description\" content=\"Turvallisuusohjeet katsojille Rallin yst\u00e4v\u00e4,\u00a0ole asiantuntija\u00a0\u2013 kunnioita kilpailijoita\u00a0ja muista oma\u00a0turvallisuutesi! Valitse katselupaikka hyviss\u00e4 ajoin \u00c4l\u00e4 liiku tiell\u00e4 kilpailun aikana \u00c4l\u00e4 mene kielletylle alueelle Kuuntele autojen \u00e4\u00e4ni\u00e4 Pid\u00e4 lapset valvonnassa! \u00c4l\u00e4 esiinny p\u00e4ihtyneen\u00e4 Varo hyppyjen alastuloja ja maalin j\u00e4lkeist\u00e4 aluetta Noudata j\u00e4rjestyksenvalvojan ohjeita! Nauti n\u00e4kem\u00e4st\u00e4si ja suo se toisillekin Erikoiskokeella liikkuminen on [&hellip;]\" \/>\n<meta property=\"og:url\" content=\"https:\/\/lahtihistoricrally.fi\/en\/turvallisuus\/\" \/>\n<meta property=\"og:site_name\" content=\"Lahti Historic Rally\" \/>\n<meta property=\"article:modified_time\" content=\"2025-08-07T06:58:55+00:00\" \/>\n<meta property=\"og:image\" content=\"https:\/\/lahtihistoricrally.fi\/wp-content\/uploads\/2023\/03\/ford.jpg\" \/>\n\t<meta property=\"og:image:width\" content=\"1920\" \/>\n\t<meta property=\"og:image:height\" content=\"1080\" \/>\n\t<meta property=\"og:image:type\" content=\"image\/jpeg\" \/>\n<meta name=\"twitter:card\" content=\"summary_large_image\" \/>\n<script type=\"application\/ld+json\" class=\"yoast-schema-graph\">{\"@context\":\"https:\/\/schema.org\",\"@graph\":[{\"@type\":\"WebPage\",\"@id\":\"https:\/\/lahtihistoricrally.fi\/turvallisuus\/\",\"url\":\"https:\/\/lahtihistoricrally.fi\/turvallisuus\/\",\"name\":\"Turvallisuus - Lahti Historic Rally\",\"isPartOf\":{\"@id\":\"https:\/\/lahtihistoricrally.fi\/#website\"},\"primaryImageOfPage\":{\"@id\":\"https:\/\/lahtihistoricrally.fi\/turvallisuus\/#primaryimage\"},\"image\":{\"@id\":\"https:\/\/lahtihistoricrally.fi\/turvallisuus\/#primaryimage\"},\"thumbnailUrl\":\"https:\/\/i0.wp.com\/lahtihistoricrally.fi\/wp-content\/uploads\/2023\/03\/ford.jpg?fit=1920%2C1080&ssl=1\",\"datePublished\":\"2023-03-10T09:44:15+00:00\",\"dateModified\":\"2025-08-07T06:58:55+00:00\",\"breadcrumb\":{\"@id\":\"https:\/\/lahtihistoricrally.fi\/turvallisuus\/#breadcrumb\"},\"inLanguage\":\"en-US\",\"potentialAction\":[{\"@type\":\"ReadAction\",\"target\":[\"https:\/\/lahtihistoricrally.fi\/turvallisuus\/\"]}]},{\"@type\":\"ImageObject\",\"inLanguage\":\"en-US\",\"@id\":\"https:\/\/lahtihistoricrally.fi\/turvallisuus\/#primaryimage\",\"url\":\"https:\/\/i0.wp.com\/lahtihistoricrally.fi\/wp-content\/uploads\/2023\/03\/ford.jpg?fit=1920%2C1080&ssl=1\",\"contentUrl\":\"https:\/\/i0.wp.com\/lahtihistoricrally.fi\/wp-content\/uploads\/2023\/03\/ford.jpg?fit=1920%2C1080&ssl=1\",\"width\":1920,\"height\":1080},{\"@type\":\"BreadcrumbList\",\"@id\":\"https:\/\/lahtihistoricrally.fi\/turvallisuus\/#breadcrumb\",\"itemListElement\":[{\"@type\":\"ListItem\",\"position\":1,\"name\":\"Etusivu\",\"item\":\"https:\/\/lahtihistoricrally.fi\/\"},{\"@type\":\"ListItem\",\"position\":2,\"name\":\"Turvallisuus\"}]},{\"@type\":\"WebSite\",\"@id\":\"https:\/\/lahtihistoricrally.fi\/#website\",\"url\":\"https:\/\/lahtihistoricrally.fi\/\",\"name\":\"Lahti Historic Rally\",\"description\":\"FIA European Historic Rally Championship\",\"publisher\":{\"@id\":\"https:\/\/lahtihistoricrally.fi\/#organization\"},\"potentialAction\":[{\"@type\":\"SearchAction\",\"target\":{\"@type\":\"EntryPoint\",\"urlTemplate\":\"https:\/\/lahtihistoricrally.fi\/?s={search_term_string}\"},\"query-input\":{\"@type\":\"PropertyValueSpecification\",\"valueRequired\":true,\"valueName\":\"search_term_string\"}}],\"inLanguage\":\"en-US\"},{\"@type\":\"Organization\",\"@id\":\"https:\/\/lahtihistoricrally.fi\/#organization\",\"name\":\"Lahti Historic Rally\",\"url\":\"https:\/\/lahtihistoricrally.fi\/\",\"logo\":{\"@type\":\"ImageObject\",\"inLanguage\":\"en-US\",\"@id\":\"https:\/\/lahtihistoricrally.fi\/#\/schema\/logo\/image\/\",\"url\":\"https:\/\/i0.wp.com\/lahtihistoricrally.fi\/wp-content\/uploads\/2024\/07\/lahti_historic_rally_logo_blue_800.png?fit=800%2C371&ssl=1\",\"contentUrl\":\"https:\/\/i0.wp.com\/lahtihistoricrally.fi\/wp-content\/uploads\/2024\/07\/lahti_historic_rally_logo_blue_800.png?fit=800%2C371&ssl=1\",\"width\":800,\"height\":371,\"caption\":\"Lahti Historic Rally\"},\"image\":{\"@id\":\"https:\/\/lahtihistoricrally.fi\/#\/schema\/logo\/image\/\"}}]}<\/script>\n<!-- \/ Yoast SEO plugin. -->","yoast_head_json":{"title":"Turvallisuus - Lahti Historic Rally","robots":{"index":"index","follow":"follow","max-snippet":"max-snippet:-1","max-image-preview":"max-image-preview:large","max-video-preview":"max-video-preview:-1"},"canonical":"https:\/\/lahtihistoricrally.fi\/en\/turvallisuus\/","og_locale":"en_US","og_type":"article","og_title":"Turvallisuus - Lahti Historic Rally","og_description":"Turvallisuusohjeet katsojille Rallin yst\u00e4v\u00e4,\u00a0ole asiantuntija\u00a0\u2013 kunnioita kilpailijoita\u00a0ja muista oma\u00a0turvallisuutesi! Valitse katselupaikka hyviss\u00e4 ajoin \u00c4l\u00e4 liiku tiell\u00e4 kilpailun aikana \u00c4l\u00e4 mene kielletylle alueelle Kuuntele autojen \u00e4\u00e4ni\u00e4 Pid\u00e4 lapset valvonnassa! \u00c4l\u00e4 esiinny p\u00e4ihtyneen\u00e4 Varo hyppyjen alastuloja ja maalin j\u00e4lkeist\u00e4 aluetta Noudata j\u00e4rjestyksenvalvojan ohjeita! Nauti n\u00e4kem\u00e4st\u00e4si ja suo se toisillekin Erikoiskokeella liikkuminen on [&hellip;]","og_url":"https:\/\/lahtihistoricrally.fi\/en\/turvallisuus\/","og_site_name":"Lahti Historic Rally","article_modified_time":"2025-08-07T06:58:55+00:00","og_image":[{"width":1920,"height":1080,"url":"https:\/\/lahtihistoricrally.fi\/wp-content\/uploads\/2023\/03\/ford.jpg","type":"image\/jpeg"}],"twitter_card":"summary_large_image","schema":{"@context":"https:\/\/schema.org","@graph":[{"@type":"WebPage","@id":"https:\/\/lahtihistoricrally.fi\/turvallisuus\/","url":"https:\/\/lahtihistoricrally.fi\/turvallisuus\/","name":"Turvallisuus - Lahti Historic Rally","isPartOf":{"@id":"https:\/\/lahtihistoricrally.fi\/#website"},"primaryImageOfPage":{"@id":"https:\/\/lahtihistoricrally.fi\/turvallisuus\/#primaryimage"},"image":{"@id":"https:\/\/lahtihistoricrally.fi\/turvallisuus\/#primaryimage"},"thumbnailUrl":"https:\/\/i0.wp.com\/lahtihistoricrally.fi\/wp-content\/uploads\/2023\/03\/ford.jpg?fit=1920%2C1080&ssl=1","datePublished":"2023-03-10T09:44:15+00:00","dateModified":"2025-08-07T06:58:55+00:00","breadcrumb":{"@id":"https:\/\/lahtihistoricrally.fi\/turvallisuus\/#breadcrumb"},"inLanguage":"en-US","potentialAction":[{"@type":"ReadAction","target":["https:\/\/lahtihistoricrally.fi\/turvallisuus\/"]}]},{"@type":"ImageObject","inLanguage":"en-US","@id":"https:\/\/lahtihistoricrally.fi\/turvallisuus\/#primaryimage","url":"https:\/\/i0.wp.com\/lahtihistoricrally.fi\/wp-content\/uploads\/2023\/03\/ford.jpg?fit=1920%2C1080&ssl=1","contentUrl":"https:\/\/i0.wp.com\/lahtihistoricrally.fi\/wp-content\/uploads\/2023\/03\/ford.jpg?fit=1920%2C1080&ssl=1","width":1920,"height":1080},{"@type":"BreadcrumbList","@id":"https:\/\/lahtihistoricrally.fi\/turvallisuus\/#breadcrumb","itemListElement":[{"@type":"ListItem","position":1,"name":"Etusivu","item":"https:\/\/lahtihistoricrally.fi\/"},{"@type":"ListItem","position":2,"name":"Turvallisuus"}]},{"@type":"WebSite","@id":"https:\/\/lahtihistoricrally.fi\/#website","url":"https:\/\/lahtihistoricrally.fi\/","name":"Lahti Historic Rally","description":"FIA European Historic Rally Championship","publisher":{"@id":"https:\/\/lahtihistoricrally.fi\/#organization"},"potentialAction":[{"@type":"SearchAction","target":{"@type":"EntryPoint","urlTemplate":"https:\/\/lahtihistoricrally.fi\/?s={search_term_string}"},"query-input":{"@type":"PropertyValueSpecification","valueRequired":true,"valueName":"search_term_string"}}],"inLanguage":"en-US"},{"@type":"Organization","@id":"https:\/\/lahtihistoricrally.fi\/#organization","name":"Lahti Historic Rally","url":"https:\/\/lahtihistoricrally.fi\/","logo":{"@type":"ImageObject","inLanguage":"en-US","@id":"https:\/\/lahtihistoricrally.fi\/#\/schema\/logo\/image\/","url":"https:\/\/i0.wp.com\/lahtihistoricrally.fi\/wp-content\/uploads\/2024\/07\/lahti_historic_rally_logo_blue_800.png?fit=800%2C371&ssl=1","contentUrl":"https:\/\/i0.wp.com\/lahtihistoricrally.fi\/wp-content\/uploads\/2024\/07\/lahti_historic_rally_logo_blue_800.png?fit=800%2C371&ssl=1","width":800,"height":371,"caption":"Lahti Historic Rally"},"image":{"@id":"https:\/\/lahtihistoricrally.fi\/#\/schema\/logo\/image\/"}}]}},"jetpack_sharing_enabled":true,"_links":{"self":[{"href":"https:\/\/lahtihistoricrally.fi\/en\/wp-json\/wp\/v2\/pages\/2119","targetHints":{"allow":["GET"]}}],"collection":[{"href":"https:\/\/lahtihistoricrally.fi\/en\/wp-json\/wp\/v2\/pages"}],"about":[{"href":"https:\/\/lahtihistoricrally.fi\/en\/wp-json\/wp\/v2\/types\/page"}],"author":[{"embeddable":true,"href":"https:\/\/lahtihistoricrally.fi\/en\/wp-json\/wp\/v2\/users\/8"}],"replies":[{"embeddable":true,"href":"https:\/\/lahtihistoricrally.fi\/en\/wp-json\/wp\/v2\/comments?post=2119"}],"version-history":[{"count":22,"href":"https:\/\/lahtihistoricrally.fi\/en\/wp-json\/wp\/v2\/pages\/2119\/revisions"}],"predecessor-version":[{"id":5405,"href":"https:\/\/lahtihistoricrally.fi\/en\/wp-json\/wp\/v2\/pages\/2119\/revisions\/5405"}],"wp:featuredmedia":[{"embeddable":true,"href":"https:\/\/lahtihistoricrally.fi\/en\/wp-json\/wp\/v2\/media\/2082"}],"wp:attachment":[{"href":"https:\/\/lahtihistoricrally.fi\/en\/wp-json\/wp\/v2\/media?parent=2119"}],"curies":[{"name":"wp","href":"https:\/\/api.w.org\/{rel}","templated":true}]}}