{"id":2184,"date":"2023-03-12T18:33:38","date_gmt":"2023-03-12T16:33:38","guid":{"rendered":"https:\/\/lahtihistoricrally.fi\/?page_id=2184"},"modified":"2026-03-20T10:16:57","modified_gmt":"2026-03-20T08:16:57","slug":"tapahtuma-info","status":"publish","type":"page","link":"https:\/\/lahtihistoricrally.fi\/en\/tapahtuma-info\/","title":{"rendered":"Info"},"content":{"rendered":"<div data-elementor-type=\"wp-page\" data-elementor-id=\"2184\" class=\"elementor elementor-2184\" data-elementor-post-type=\"page\">\n\t\t\t\t\t\t<section class=\"elementor-section elementor-top-section elementor-element elementor-element-f0e1e3d elementor-section-boxed elementor-section-height-default elementor-section-height-default\" data-id=\"f0e1e3d\" data-element_type=\"section\" data-e-type=\"section\">\n\t\t\t\t\t\t<div class=\"elementor-container elementor-column-gap-default\">\n\t\t\t\t\t<div class=\"elementor-column elementor-col-100 elementor-top-column elementor-element elementor-element-03d0a66\" data-id=\"03d0a66\" data-element_type=\"column\" data-e-type=\"column\">\n\t\t\t<div class=\"elementor-widget-wrap elementor-element-populated\">\n\t\t\t\t\t\t<div class=\"elementor-element elementor-element-4453ebe elementor-widget elementor-widget-text-editor\" data-id=\"4453ebe\" data-element_type=\"widget\" data-e-type=\"widget\" data-widget_type=\"text-editor.default\">\n\t\t\t\t<div class=\"elementor-widget-container\">\n\t\t\t\t\t\t\t\t\t<p><strong>Lahti Historic Rally on rallitapahtuma, joka vuonna 2026 sis\u00e4lt\u00e4\u00e4 historic-rallien EM-sarjan osakilpailun sek\u00e4 Historic Rally Trophy\/Historic Rally Regularity Trophy -sarjan osakilpailut.<\/strong><\/p>\t\t\t\t\t\t\t\t<\/div>\n\t\t\t\t<\/div>\n\t\t\t\t\t<\/div>\n\t\t<\/div>\n\t\t\t\t\t<\/div>\n\t\t<\/section>\n\t\t\t\t<section class=\"elementor-section elementor-top-section elementor-element elementor-element-6560eacc elementor-section-boxed elementor-section-height-default elementor-section-height-default\" data-id=\"6560eacc\" data-element_type=\"section\" data-e-type=\"section\">\n\t\t\t\t\t\t<div class=\"elementor-container elementor-column-gap-default\">\n\t\t\t\t\t<div class=\"elementor-column elementor-col-100 elementor-top-column elementor-element elementor-element-89227b8\" data-id=\"89227b8\" data-element_type=\"column\" data-e-type=\"column\">\n\t\t\t<div class=\"elementor-widget-wrap elementor-element-populated\">\n\t\t\t\t\t\t<div class=\"elementor-element elementor-element-9493f95 elementor-widget elementor-widget-text-editor\" data-id=\"9493f95\" data-element_type=\"widget\" data-e-type=\"widget\" data-widget_type=\"text-editor.default\">\n\t\t\t\t<div class=\"elementor-widget-container\">\n\t\t\t\t\t\t\t\t\t<p><strong>TIME AND PLACE<br \/><\/strong>Lahti 121.-22.8.2026<br \/>Headquarters: <br \/>Sibeliustalo, Ankkurikatu 7, Lahti<\/p><p><strong>SCRUTINEERING<\/strong><\/p><p>ilmoitetaan my\u00f6hemmin<\/p>\t\t\t\t\t\t\t\t<\/div>\n\t\t\t\t<\/div>\n\t\t\t\t\t<\/div>\n\t\t<\/div>\n\t\t\t\t\t<\/div>\n\t\t<\/section>\n\t\t\t\t<section class=\"elementor-section elementor-top-section elementor-element elementor-element-80ccaaa elementor-section-boxed elementor-section-height-default elementor-section-height-default\" data-id=\"80ccaaa\" data-element_type=\"section\" data-e-type=\"section\">\n\t\t\t\t\t\t<div class=\"elementor-container elementor-column-gap-default\">\n\t\t\t\t\t<div class=\"elementor-column elementor-col-100 elementor-top-column elementor-element elementor-element-dcbf502\" data-id=\"dcbf502\" data-element_type=\"column\" data-e-type=\"column\">\n\t\t\t<div class=\"elementor-widget-wrap elementor-element-populated\">\n\t\t\t\t\t\t<div class=\"elementor-element elementor-element-c16772a elementor-widget elementor-widget-text-editor\" data-id=\"c16772a\" data-element_type=\"widget\" data-e-type=\"widget\" data-widget_type=\"text-editor.default\">\n\t\t\t\t<div class=\"elementor-widget-container\">\n\t\t\t\t\t\t\t\t\t<h3>SUPPLEMENTARY REGULATIONS<\/h3><p>Kilpailujen s\u00e4\u00e4nn\u00f6t l\u00f6ytyv\u00e4t viralliselta ilmoitustaululta Sportitysta aikanaan.<\/p><p>HUOM! Alla olevaa vuoden 2025 karttaa ei ole viel\u00e4 p\u00e4ivitetty vuoden 2026 tapahtumatoimintojen osalta.<\/p>\t\t\t\t\t\t\t\t<\/div>\n\t\t\t\t<\/div>\n\t\t\t\t\t<\/div>\n\t\t<\/div>\n\t\t\t\t\t<\/div>\n\t\t<\/section>\n\t\t\t\t<section class=\"elementor-section elementor-top-section elementor-element elementor-element-52f7942 elementor-section-boxed elementor-section-height-default elementor-section-height-default\" data-id=\"52f7942\" data-element_type=\"section\" data-e-type=\"section\">\n\t\t\t\t\t\t<div class=\"elementor-container elementor-column-gap-default\">\n\t\t\t\t\t<div class=\"elementor-column elementor-col-100 elementor-top-column elementor-element elementor-element-0ccc866\" data-id=\"0ccc866\" data-element_type=\"column\" data-e-type=\"column\">\n\t\t\t<div class=\"elementor-widget-wrap elementor-element-populated\">\n\t\t\t\t\t\t<div class=\"elementor-element elementor-element-ab1b28e elementor-widget elementor-widget-image\" data-id=\"ab1b28e\" data-element_type=\"widget\" data-e-type=\"widget\" data-widget_type=\"image.default\">\n\t\t\t\t<div class=\"elementor-widget-container\">\n\t\t\t\t\t\t\t\t\t\t\t\t\t\t\t<img fetchpriority=\"high\" decoding=\"async\" width=\"750\" height=\"422\" src=\"https:\/\/i0.wp.com\/lahtihistoricrally.fi\/wp-content\/uploads\/2025\/08\/OpaskarttaLahti_2025_2000px.jpg?fit=750%2C422&amp;ssl=1\" class=\"attachment-large size-large wp-image-5465\" alt=\"\" srcset=\"https:\/\/i0.wp.com\/lahtihistoricrally.fi\/wp-content\/uploads\/2025\/08\/OpaskarttaLahti_2025_2000px.jpg?w=2000&amp;ssl=1 2000w, https:\/\/i0.wp.com\/lahtihistoricrally.fi\/wp-content\/uploads\/2025\/08\/OpaskarttaLahti_2025_2000px.jpg?resize=500%2C281&amp;ssl=1 500w, https:\/\/i0.wp.com\/lahtihistoricrally.fi\/wp-content\/uploads\/2025\/08\/OpaskarttaLahti_2025_2000px.jpg?resize=768%2C432&amp;ssl=1 768w, https:\/\/i0.wp.com\/lahtihistoricrally.fi\/wp-content\/uploads\/2025\/08\/OpaskarttaLahti_2025_2000px.jpg?resize=1536%2C864&amp;ssl=1 1536w, https:\/\/i0.wp.com\/lahtihistoricrally.fi\/wp-content\/uploads\/2025\/08\/OpaskarttaLahti_2025_2000px.jpg?resize=18%2C10&amp;ssl=1 18w\" sizes=\"(max-width: 750px) 100vw, 750px\" \/>\t\t\t\t\t\t\t\t\t\t\t\t\t\t\t<\/div>\n\t\t\t\t<\/div>\n\t\t\t\t\t<\/div>\n\t\t<\/div>\n\t\t\t\t\t<\/div>\n\t\t<\/section>\n\t\t\t\t<\/div>","protected":false},"excerpt":{"rendered":"<p>Lahti Historic Rally on rallitapahtuma, joka vuonna 2026 sis\u00e4lt\u00e4\u00e4 historic-rallien EM-sarjan osakilpailun sek\u00e4 Historic Rally Trophy\/Historic Rally Regularity Trophy -sarjan osakilpailut. TAPAHTUMAPAIKKA JA AIKALahti 121.-22.8.2026Kilpailukeskus: Sibeliustalo, Ankkurikatu 7, Lahti TURVALLISUUSTARKASTUS ilmoitetaan my\u00f6hemmin KILPAILUN S\u00c4\u00c4NN\u00d6T Kilpailujen s\u00e4\u00e4nn\u00f6t l\u00f6ytyv\u00e4t viralliselta ilmoitustaululta Sportitysta aikanaan. HUOM! Alla olevaa vuoden 2025 karttaa ei ole viel\u00e4 [&hellip;]<\/p>\n","protected":false},"author":8,"featured_media":2079,"parent":0,"menu_order":0,"comment_status":"closed","ping_status":"closed","template":"","meta":{"_themeisle_gutenberg_block_has_review":false,"footnotes":""},"class_list":["post-2184","page","type-page","status-publish","has-post-thumbnail","hentry"],"yoast_head":"<!-- This site is optimized with the Yoast SEO plugin v26.9 - https:\/\/yoast.com\/product\/yoast-seo-wordpress\/ -->\n<title>Tapahtumainfo - Lahti Historic Rally<\/title>\n<meta name=\"robots\" content=\"index, follow, max-snippet:-1, max-image-preview:large, max-video-preview:-1\" \/>\n<link rel=\"canonical\" href=\"https:\/\/lahtihistoricrally.fi\/en\/tapahtuma-info\/\" \/>\n<meta property=\"og:locale\" content=\"en_US\" \/>\n<meta property=\"og:type\" content=\"article\" \/>\n<meta property=\"og:title\" content=\"Tapahtumainfo - Lahti Historic Rally\" \/>\n<meta property=\"og:description\" content=\"Lahti Historic Rally on rallitapahtuma, joka vuonna 2026 sis\u00e4lt\u00e4\u00e4 historic-rallien EM-sarjan osakilpailun sek\u00e4 Historic Rally Trophy\/Historic Rally Regularity Trophy -sarjan osakilpailut. TAPAHTUMAPAIKKA JA AIKALahti 121.-22.8.2026Kilpailukeskus: Sibeliustalo, Ankkurikatu 7, Lahti TURVALLISUUSTARKASTUS ilmoitetaan my\u00f6hemmin KILPAILUN S\u00c4\u00c4NN\u00d6T Kilpailujen s\u00e4\u00e4nn\u00f6t l\u00f6ytyv\u00e4t viralliselta ilmoitustaululta Sportitysta aikanaan. HUOM! Alla olevaa vuoden 2025 karttaa ei ole viel\u00e4 [&hellip;]\" \/>\n<meta property=\"og:url\" content=\"https:\/\/lahtihistoricrally.fi\/en\/tapahtuma-info\/\" \/>\n<meta property=\"og:site_name\" content=\"Lahti Historic Rally\" \/>\n<meta property=\"article:modified_time\" content=\"2026-03-20T08:16:57+00:00\" \/>\n<meta property=\"og:image\" content=\"https:\/\/lahtihistoricrally.fi\/wp-content\/uploads\/2023\/03\/audi_side.jpg\" \/>\n\t<meta property=\"og:image:width\" content=\"1920\" \/>\n\t<meta property=\"og:image:height\" content=\"1080\" \/>\n\t<meta property=\"og:image:type\" content=\"image\/jpeg\" \/>\n<meta name=\"twitter:card\" content=\"summary_large_image\" \/>\n<script type=\"application\/ld+json\" class=\"yoast-schema-graph\">{\"@context\":\"https:\/\/schema.org\",\"@graph\":[{\"@type\":\"WebPage\",\"@id\":\"https:\/\/lahtihistoricrally.fi\/tapahtuma-info\/\",\"url\":\"https:\/\/lahtihistoricrally.fi\/tapahtuma-info\/\",\"name\":\"Tapahtumainfo - Lahti Historic Rally\",\"isPartOf\":{\"@id\":\"https:\/\/lahtihistoricrally.fi\/#website\"},\"primaryImageOfPage\":{\"@id\":\"https:\/\/lahtihistoricrally.fi\/tapahtuma-info\/#primaryimage\"},\"image\":{\"@id\":\"https:\/\/lahtihistoricrally.fi\/tapahtuma-info\/#primaryimage\"},\"thumbnailUrl\":\"https:\/\/i0.wp.com\/lahtihistoricrally.fi\/wp-content\/uploads\/2023\/03\/audi_side.jpg?fit=1920%2C1080&ssl=1\",\"datePublished\":\"2023-03-12T16:33:38+00:00\",\"dateModified\":\"2026-03-20T08:16:57+00:00\",\"breadcrumb\":{\"@id\":\"https:\/\/lahtihistoricrally.fi\/tapahtuma-info\/#breadcrumb\"},\"inLanguage\":\"en-US\",\"potentialAction\":[{\"@type\":\"ReadAction\",\"target\":[\"https:\/\/lahtihistoricrally.fi\/tapahtuma-info\/\"]}]},{\"@type\":\"ImageObject\",\"inLanguage\":\"en-US\",\"@id\":\"https:\/\/lahtihistoricrally.fi\/tapahtuma-info\/#primaryimage\",\"url\":\"https:\/\/i0.wp.com\/lahtihistoricrally.fi\/wp-content\/uploads\/2023\/03\/audi_side.jpg?fit=1920%2C1080&ssl=1\",\"contentUrl\":\"https:\/\/i0.wp.com\/lahtihistoricrally.fi\/wp-content\/uploads\/2023\/03\/audi_side.jpg?fit=1920%2C1080&ssl=1\",\"width\":1920,\"height\":1080},{\"@type\":\"BreadcrumbList\",\"@id\":\"https:\/\/lahtihistoricrally.fi\/tapahtuma-info\/#breadcrumb\",\"itemListElement\":[{\"@type\":\"ListItem\",\"position\":1,\"name\":\"Etusivu\",\"item\":\"https:\/\/lahtihistoricrally.fi\/\"},{\"@type\":\"ListItem\",\"position\":2,\"name\":\"Tapahtumainfo\"}]},{\"@type\":\"WebSite\",\"@id\":\"https:\/\/lahtihistoricrally.fi\/#website\",\"url\":\"https:\/\/lahtihistoricrally.fi\/\",\"name\":\"Lahti Historic Rally\",\"description\":\"FIA European Historic Rally Championship\",\"publisher\":{\"@id\":\"https:\/\/lahtihistoricrally.fi\/#organization\"},\"potentialAction\":[{\"@type\":\"SearchAction\",\"target\":{\"@type\":\"EntryPoint\",\"urlTemplate\":\"https:\/\/lahtihistoricrally.fi\/?s={search_term_string}\"},\"query-input\":{\"@type\":\"PropertyValueSpecification\",\"valueRequired\":true,\"valueName\":\"search_term_string\"}}],\"inLanguage\":\"en-US\"},{\"@type\":\"Organization\",\"@id\":\"https:\/\/lahtihistoricrally.fi\/#organization\",\"name\":\"Lahti Historic Rally\",\"url\":\"https:\/\/lahtihistoricrally.fi\/\",\"logo\":{\"@type\":\"ImageObject\",\"inLanguage\":\"en-US\",\"@id\":\"https:\/\/lahtihistoricrally.fi\/#\/schema\/logo\/image\/\",\"url\":\"https:\/\/i0.wp.com\/lahtihistoricrally.fi\/wp-content\/uploads\/2024\/07\/lahti_historic_rally_logo_blue_800.png?fit=800%2C371&ssl=1\",\"contentUrl\":\"https:\/\/i0.wp.com\/lahtihistoricrally.fi\/wp-content\/uploads\/2024\/07\/lahti_historic_rally_logo_blue_800.png?fit=800%2C371&ssl=1\",\"width\":800,\"height\":371,\"caption\":\"Lahti Historic Rally\"},\"image\":{\"@id\":\"https:\/\/lahtihistoricrally.fi\/#\/schema\/logo\/image\/\"}}]}<\/script>\n<!-- \/ Yoast SEO plugin. -->","yoast_head_json":{"title":"Tapahtumainfo - Lahti Historic Rally","robots":{"index":"index","follow":"follow","max-snippet":"max-snippet:-1","max-image-preview":"max-image-preview:large","max-video-preview":"max-video-preview:-1"},"canonical":"https:\/\/lahtihistoricrally.fi\/en\/tapahtuma-info\/","og_locale":"en_US","og_type":"article","og_title":"Tapahtumainfo - Lahti Historic Rally","og_description":"Lahti Historic Rally on rallitapahtuma, joka vuonna 2026 sis\u00e4lt\u00e4\u00e4 historic-rallien EM-sarjan osakilpailun sek\u00e4 Historic Rally Trophy\/Historic Rally Regularity Trophy -sarjan osakilpailut. TAPAHTUMAPAIKKA JA AIKALahti 121.-22.8.2026Kilpailukeskus: Sibeliustalo, Ankkurikatu 7, Lahti TURVALLISUUSTARKASTUS ilmoitetaan my\u00f6hemmin KILPAILUN S\u00c4\u00c4NN\u00d6T Kilpailujen s\u00e4\u00e4nn\u00f6t l\u00f6ytyv\u00e4t viralliselta ilmoitustaululta Sportitysta aikanaan. HUOM! Alla olevaa vuoden 2025 karttaa ei ole viel\u00e4 [&hellip;]","og_url":"https:\/\/lahtihistoricrally.fi\/en\/tapahtuma-info\/","og_site_name":"Lahti Historic Rally","article_modified_time":"2026-03-20T08:16:57+00:00","og_image":[{"width":1920,"height":1080,"url":"https:\/\/lahtihistoricrally.fi\/wp-content\/uploads\/2023\/03\/audi_side.jpg","type":"image\/jpeg"}],"twitter_card":"summary_large_image","schema":{"@context":"https:\/\/schema.org","@graph":[{"@type":"WebPage","@id":"https:\/\/lahtihistoricrally.fi\/tapahtuma-info\/","url":"https:\/\/lahtihistoricrally.fi\/tapahtuma-info\/","name":"Tapahtumainfo - Lahti Historic Rally","isPartOf":{"@id":"https:\/\/lahtihistoricrally.fi\/#website"},"primaryImageOfPage":{"@id":"https:\/\/lahtihistoricrally.fi\/tapahtuma-info\/#primaryimage"},"image":{"@id":"https:\/\/lahtihistoricrally.fi\/tapahtuma-info\/#primaryimage"},"thumbnailUrl":"https:\/\/i0.wp.com\/lahtihistoricrally.fi\/wp-content\/uploads\/2023\/03\/audi_side.jpg?fit=1920%2C1080&ssl=1","datePublished":"2023-03-12T16:33:38+00:00","dateModified":"2026-03-20T08:16:57+00:00","breadcrumb":{"@id":"https:\/\/lahtihistoricrally.fi\/tapahtuma-info\/#breadcrumb"},"inLanguage":"en-US","potentialAction":[{"@type":"ReadAction","target":["https:\/\/lahtihistoricrally.fi\/tapahtuma-info\/"]}]},{"@type":"ImageObject","inLanguage":"en-US","@id":"https:\/\/lahtihistoricrally.fi\/tapahtuma-info\/#primaryimage","url":"https:\/\/i0.wp.com\/lahtihistoricrally.fi\/wp-content\/uploads\/2023\/03\/audi_side.jpg?fit=1920%2C1080&ssl=1","contentUrl":"https:\/\/i0.wp.com\/lahtihistoricrally.fi\/wp-content\/uploads\/2023\/03\/audi_side.jpg?fit=1920%2C1080&ssl=1","width":1920,"height":1080},{"@type":"BreadcrumbList","@id":"https:\/\/lahtihistoricrally.fi\/tapahtuma-info\/#breadcrumb","itemListElement":[{"@type":"ListItem","position":1,"name":"Etusivu","item":"https:\/\/lahtihistoricrally.fi\/"},{"@type":"ListItem","position":2,"name":"Tapahtumainfo"}]},{"@type":"WebSite","@id":"https:\/\/lahtihistoricrally.fi\/#website","url":"https:\/\/lahtihistoricrally.fi\/","name":"Lahti Historic Rally","description":"FIA European Historic Rally Championship","publisher":{"@id":"https:\/\/lahtihistoricrally.fi\/#organization"},"potentialAction":[{"@type":"SearchAction","target":{"@type":"EntryPoint","urlTemplate":"https:\/\/lahtihistoricrally.fi\/?s={search_term_string}"},"query-input":{"@type":"PropertyValueSpecification","valueRequired":true,"valueName":"search_term_string"}}],"inLanguage":"en-US"},{"@type":"Organization","@id":"https:\/\/lahtihistoricrally.fi\/#organization","name":"Lahti Historic Rally","url":"https:\/\/lahtihistoricrally.fi\/","logo":{"@type":"ImageObject","inLanguage":"en-US","@id":"https:\/\/lahtihistoricrally.fi\/#\/schema\/logo\/image\/","url":"https:\/\/i0.wp.com\/lahtihistoricrally.fi\/wp-content\/uploads\/2024\/07\/lahti_historic_rally_logo_blue_800.png?fit=800%2C371&ssl=1","contentUrl":"https:\/\/i0.wp.com\/lahtihistoricrally.fi\/wp-content\/uploads\/2024\/07\/lahti_historic_rally_logo_blue_800.png?fit=800%2C371&ssl=1","width":800,"height":371,"caption":"Lahti Historic Rally"},"image":{"@id":"https:\/\/lahtihistoricrally.fi\/#\/schema\/logo\/image\/"}}]}},"jetpack_sharing_enabled":true,"_links":{"self":[{"href":"https:\/\/lahtihistoricrally.fi\/en\/wp-json\/wp\/v2\/pages\/2184","targetHints":{"allow":["GET"]}}],"collection":[{"href":"https:\/\/lahtihistoricrally.fi\/en\/wp-json\/wp\/v2\/pages"}],"about":[{"href":"https:\/\/lahtihistoricrally.fi\/en\/wp-json\/wp\/v2\/types\/page"}],"author":[{"embeddable":true,"href":"https:\/\/lahtihistoricrally.fi\/en\/wp-json\/wp\/v2\/users\/8"}],"replies":[{"embeddable":true,"href":"https:\/\/lahtihistoricrally.fi\/en\/wp-json\/wp\/v2\/comments?post=2184"}],"version-history":[{"count":82,"href":"https:\/\/lahtihistoricrally.fi\/en\/wp-json\/wp\/v2\/pages\/2184\/revisions"}],"predecessor-version":[{"id":5606,"href":"https:\/\/lahtihistoricrally.fi\/en\/wp-json\/wp\/v2\/pages\/2184\/revisions\/5606"}],"wp:featuredmedia":[{"embeddable":true,"href":"https:\/\/lahtihistoricrally.fi\/en\/wp-json\/wp\/v2\/media\/2079"}],"wp:attachment":[{"href":"https:\/\/lahtihistoricrally.fi\/en\/wp-json\/wp\/v2\/media?parent=2184"}],"curies":[{"name":"wp","href":"https:\/\/api.w.org\/{rel}","templated":true}]}}