{"id":42,"date":"2017-05-02T16:25:34","date_gmt":"2017-05-02T14:25:34","guid":{"rendered":"http:\/\/lahtihistoricrally.fi\/?page_id=42"},"modified":"2026-02-25T15:31:12","modified_gmt":"2026-02-25T13:31:12","slug":"yhteystiedot","status":"publish","type":"page","link":"https:\/\/lahtihistoricrally.fi\/en\/yhteystiedot\/","title":{"rendered":"Contacts"},"content":{"rendered":"<h1>Lahti Historic Rally<\/h1>\n<p>Puheenjohtaja Jouni Ik\u00e4valko<\/p>\n<p>0440 245709<\/p>\n<p><a href=\"mailto:jouni.ikavalko@rakennustyo.org\">jouni.ikavalko@rakennustyo.org<\/a><\/p>\n<p>Sihteeri Nina J\u00e4rvinen<\/p>\n<p>040 5324550<\/p>\n<p><a href=\"mailto:nina.jarvinen@lahtihistoricrally.fi\">nina.jarvinen@lahtihistoricrally.fi<\/a><\/p>\n<p><\/p>\n<p>Laskutus:<\/p>\n<p>Lahti Historic Rally ry<\/p>\n<p>Pietarinkuja 80<\/p>\n<p>16600 J\u00e4rvel\u00e4<\/p>\n<p>S\u00e4hk\u00f6postilla: <a href=\"mailto:fennoa.519052@erin.posti.com\">fennoa.519052@erin.posti.com<\/a><\/p>\n<p>Verkkolaskuna\u00a0 003728159697<\/p>\n<p>Verkkolaskun v\u00e4litt\u00e4j\u00e4 003708599126<\/p>\n<p><\/p>\n<p><\/p>\n\n\n<p><\/p>","protected":false},"excerpt":{"rendered":"<p>Lahti Historic Rally Puheenjohtaja Jouni Ik\u00e4valko 0440 245709 jouni.ikavalko@rakennustyo.org Sihteeri Nina J\u00e4rvinen 040 5324550 nina.jarvinen@lahtihistoricrally.fi Laskutus: Lahti Historic Rally ry Pietarinkuja 80 16600 J\u00e4rvel\u00e4 S\u00e4hk\u00f6postilla: fennoa.519052@erin.posti.com Verkkolaskuna\u00a0 003728159697 Verkkolaskun v\u00e4litt\u00e4j\u00e4 003708599126<\/p>","protected":false},"author":1,"featured_media":2077,"parent":0,"menu_order":0,"comment_status":"closed","ping_status":"closed","template":"","meta":{"_themeisle_gutenberg_block_has_review":false,"footnotes":""},"class_list":["post-42","page","type-page","status-publish","has-post-thumbnail","hentry"],"yoast_head":"<!-- This site is optimized with the Yoast SEO plugin v26.9 - https:\/\/yoast.com\/product\/yoast-seo-wordpress\/ -->\n<title>Yhteydet - Lahti Historic Rally<\/title>\n<meta name=\"robots\" content=\"index, follow, max-snippet:-1, max-image-preview:large, max-video-preview:-1\" \/>\n<link rel=\"canonical\" href=\"https:\/\/lahtihistoricrally.fi\/en\/yhteystiedot\/\" \/>\n<meta property=\"og:locale\" content=\"en_US\" \/>\n<meta property=\"og:type\" content=\"article\" \/>\n<meta property=\"og:title\" content=\"Yhteydet - Lahti Historic Rally\" \/>\n<meta property=\"og:description\" content=\"Lahti Historic Rally Puheenjohtaja Jouni Ik\u00e4valko 0440 245709 jouni.ikavalko@rakennustyo.org Sihteeri Nina J\u00e4rvinen 040 5324550 nina.jarvinen@lahtihistoricrally.fi Laskutus: Lahti Historic Rally ry Pietarinkuja 80 16600 J\u00e4rvel\u00e4 S\u00e4hk\u00f6postilla: fennoa.519052@erin.posti.com Verkkolaskuna\u00a0 003728159697 Verkkolaskun v\u00e4litt\u00e4j\u00e4 003708599126\" \/>\n<meta property=\"og:url\" content=\"https:\/\/lahtihistoricrally.fi\/en\/yhteystiedot\/\" \/>\n<meta property=\"og:site_name\" content=\"Lahti Historic Rally\" \/>\n<meta property=\"article:modified_time\" content=\"2026-02-25T13:31:12+00:00\" \/>\n<meta property=\"og:image\" content=\"https:\/\/lahtihistoricrally.fi\/wp-content\/uploads\/2023\/03\/DSC4159-scaled.jpg\" \/>\n\t<meta property=\"og:image:width\" content=\"2560\" \/>\n\t<meta property=\"og:image:height\" content=\"1763\" \/>\n\t<meta property=\"og:image:type\" content=\"image\/jpeg\" \/>\n<meta name=\"twitter:card\" content=\"summary_large_image\" \/>\n<script type=\"application\/ld+json\" class=\"yoast-schema-graph\">{\"@context\":\"https:\/\/schema.org\",\"@graph\":[{\"@type\":\"WebPage\",\"@id\":\"https:\/\/lahtihistoricrally.fi\/yhteystiedot\/\",\"url\":\"https:\/\/lahtihistoricrally.fi\/yhteystiedot\/\",\"name\":\"Yhteydet - Lahti Historic Rally\",\"isPartOf\":{\"@id\":\"https:\/\/lahtihistoricrally.fi\/#website\"},\"primaryImageOfPage\":{\"@id\":\"https:\/\/lahtihistoricrally.fi\/yhteystiedot\/#primaryimage\"},\"image\":{\"@id\":\"https:\/\/lahtihistoricrally.fi\/yhteystiedot\/#primaryimage\"},\"thumbnailUrl\":\"https:\/\/i0.wp.com\/lahtihistoricrally.fi\/wp-content\/uploads\/2023\/03\/DSC4159-scaled.jpg?fit=2560%2C1763&ssl=1\",\"datePublished\":\"2017-05-02T14:25:34+00:00\",\"dateModified\":\"2026-02-25T13:31:12+00:00\",\"breadcrumb\":{\"@id\":\"https:\/\/lahtihistoricrally.fi\/yhteystiedot\/#breadcrumb\"},\"inLanguage\":\"en-US\",\"potentialAction\":[{\"@type\":\"ReadAction\",\"target\":[\"https:\/\/lahtihistoricrally.fi\/yhteystiedot\/\"]}]},{\"@type\":\"ImageObject\",\"inLanguage\":\"en-US\",\"@id\":\"https:\/\/lahtihistoricrally.fi\/yhteystiedot\/#primaryimage\",\"url\":\"https:\/\/i0.wp.com\/lahtihistoricrally.fi\/wp-content\/uploads\/2023\/03\/DSC4159-scaled.jpg?fit=2560%2C1763&ssl=1\",\"contentUrl\":\"https:\/\/i0.wp.com\/lahtihistoricrally.fi\/wp-content\/uploads\/2023\/03\/DSC4159-scaled.jpg?fit=2560%2C1763&ssl=1\",\"width\":2560,\"height\":1763},{\"@type\":\"BreadcrumbList\",\"@id\":\"https:\/\/lahtihistoricrally.fi\/yhteystiedot\/#breadcrumb\",\"itemListElement\":[{\"@type\":\"ListItem\",\"position\":1,\"name\":\"Etusivu\",\"item\":\"https:\/\/lahtihistoricrally.fi\/\"},{\"@type\":\"ListItem\",\"position\":2,\"name\":\"Yhteydet\"}]},{\"@type\":\"WebSite\",\"@id\":\"https:\/\/lahtihistoricrally.fi\/#website\",\"url\":\"https:\/\/lahtihistoricrally.fi\/\",\"name\":\"Lahti Historic Rally\",\"description\":\"FIA European Historic Rally Championship\",\"publisher\":{\"@id\":\"https:\/\/lahtihistoricrally.fi\/#organization\"},\"potentialAction\":[{\"@type\":\"SearchAction\",\"target\":{\"@type\":\"EntryPoint\",\"urlTemplate\":\"https:\/\/lahtihistoricrally.fi\/?s={search_term_string}\"},\"query-input\":{\"@type\":\"PropertyValueSpecification\",\"valueRequired\":true,\"valueName\":\"search_term_string\"}}],\"inLanguage\":\"en-US\"},{\"@type\":\"Organization\",\"@id\":\"https:\/\/lahtihistoricrally.fi\/#organization\",\"name\":\"Lahti Historic Rally\",\"url\":\"https:\/\/lahtihistoricrally.fi\/\",\"logo\":{\"@type\":\"ImageObject\",\"inLanguage\":\"en-US\",\"@id\":\"https:\/\/lahtihistoricrally.fi\/#\/schema\/logo\/image\/\",\"url\":\"https:\/\/i0.wp.com\/lahtihistoricrally.fi\/wp-content\/uploads\/2024\/07\/lahti_historic_rally_logo_blue_800.png?fit=800%2C371&ssl=1\",\"contentUrl\":\"https:\/\/i0.wp.com\/lahtihistoricrally.fi\/wp-content\/uploads\/2024\/07\/lahti_historic_rally_logo_blue_800.png?fit=800%2C371&ssl=1\",\"width\":800,\"height\":371,\"caption\":\"Lahti Historic Rally\"},\"image\":{\"@id\":\"https:\/\/lahtihistoricrally.fi\/#\/schema\/logo\/image\/\"}}]}<\/script>\n<!-- \/ Yoast SEO plugin. -->","yoast_head_json":{"title":"Yhteydet - Lahti Historic Rally","robots":{"index":"index","follow":"follow","max-snippet":"max-snippet:-1","max-image-preview":"max-image-preview:large","max-video-preview":"max-video-preview:-1"},"canonical":"https:\/\/lahtihistoricrally.fi\/en\/yhteystiedot\/","og_locale":"en_US","og_type":"article","og_title":"Yhteydet - Lahti Historic Rally","og_description":"Lahti Historic Rally Puheenjohtaja Jouni Ik\u00e4valko 0440 245709 jouni.ikavalko@rakennustyo.org Sihteeri Nina J\u00e4rvinen 040 5324550 nina.jarvinen@lahtihistoricrally.fi Laskutus: Lahti Historic Rally ry Pietarinkuja 80 16600 J\u00e4rvel\u00e4 S\u00e4hk\u00f6postilla: fennoa.519052@erin.posti.com Verkkolaskuna\u00a0 003728159697 Verkkolaskun v\u00e4litt\u00e4j\u00e4 003708599126","og_url":"https:\/\/lahtihistoricrally.fi\/en\/yhteystiedot\/","og_site_name":"Lahti Historic Rally","article_modified_time":"2026-02-25T13:31:12+00:00","og_image":[{"width":2560,"height":1763,"url":"https:\/\/lahtihistoricrally.fi\/wp-content\/uploads\/2023\/03\/DSC4159-scaled.jpg","type":"image\/jpeg"}],"twitter_card":"summary_large_image","schema":{"@context":"https:\/\/schema.org","@graph":[{"@type":"WebPage","@id":"https:\/\/lahtihistoricrally.fi\/yhteystiedot\/","url":"https:\/\/lahtihistoricrally.fi\/yhteystiedot\/","name":"Yhteydet - Lahti Historic Rally","isPartOf":{"@id":"https:\/\/lahtihistoricrally.fi\/#website"},"primaryImageOfPage":{"@id":"https:\/\/lahtihistoricrally.fi\/yhteystiedot\/#primaryimage"},"image":{"@id":"https:\/\/lahtihistoricrally.fi\/yhteystiedot\/#primaryimage"},"thumbnailUrl":"https:\/\/i0.wp.com\/lahtihistoricrally.fi\/wp-content\/uploads\/2023\/03\/DSC4159-scaled.jpg?fit=2560%2C1763&ssl=1","datePublished":"2017-05-02T14:25:34+00:00","dateModified":"2026-02-25T13:31:12+00:00","breadcrumb":{"@id":"https:\/\/lahtihistoricrally.fi\/yhteystiedot\/#breadcrumb"},"inLanguage":"en-US","potentialAction":[{"@type":"ReadAction","target":["https:\/\/lahtihistoricrally.fi\/yhteystiedot\/"]}]},{"@type":"ImageObject","inLanguage":"en-US","@id":"https:\/\/lahtihistoricrally.fi\/yhteystiedot\/#primaryimage","url":"https:\/\/i0.wp.com\/lahtihistoricrally.fi\/wp-content\/uploads\/2023\/03\/DSC4159-scaled.jpg?fit=2560%2C1763&ssl=1","contentUrl":"https:\/\/i0.wp.com\/lahtihistoricrally.fi\/wp-content\/uploads\/2023\/03\/DSC4159-scaled.jpg?fit=2560%2C1763&ssl=1","width":2560,"height":1763},{"@type":"BreadcrumbList","@id":"https:\/\/lahtihistoricrally.fi\/yhteystiedot\/#breadcrumb","itemListElement":[{"@type":"ListItem","position":1,"name":"Etusivu","item":"https:\/\/lahtihistoricrally.fi\/"},{"@type":"ListItem","position":2,"name":"Yhteydet"}]},{"@type":"WebSite","@id":"https:\/\/lahtihistoricrally.fi\/#website","url":"https:\/\/lahtihistoricrally.fi\/","name":"Lahti Historic Rally","description":"FIA European Historic Rally Championship","publisher":{"@id":"https:\/\/lahtihistoricrally.fi\/#organization"},"potentialAction":[{"@type":"SearchAction","target":{"@type":"EntryPoint","urlTemplate":"https:\/\/lahtihistoricrally.fi\/?s={search_term_string}"},"query-input":{"@type":"PropertyValueSpecification","valueRequired":true,"valueName":"search_term_string"}}],"inLanguage":"en-US"},{"@type":"Organization","@id":"https:\/\/lahtihistoricrally.fi\/#organization","name":"Lahti Historic Rally","url":"https:\/\/lahtihistoricrally.fi\/","logo":{"@type":"ImageObject","inLanguage":"en-US","@id":"https:\/\/lahtihistoricrally.fi\/#\/schema\/logo\/image\/","url":"https:\/\/i0.wp.com\/lahtihistoricrally.fi\/wp-content\/uploads\/2024\/07\/lahti_historic_rally_logo_blue_800.png?fit=800%2C371&ssl=1","contentUrl":"https:\/\/i0.wp.com\/lahtihistoricrally.fi\/wp-content\/uploads\/2024\/07\/lahti_historic_rally_logo_blue_800.png?fit=800%2C371&ssl=1","width":800,"height":371,"caption":"Lahti Historic Rally"},"image":{"@id":"https:\/\/lahtihistoricrally.fi\/#\/schema\/logo\/image\/"}}]}},"jetpack_sharing_enabled":true,"_links":{"self":[{"href":"https:\/\/lahtihistoricrally.fi\/en\/wp-json\/wp\/v2\/pages\/42","targetHints":{"allow":["GET"]}}],"collection":[{"href":"https:\/\/lahtihistoricrally.fi\/en\/wp-json\/wp\/v2\/pages"}],"about":[{"href":"https:\/\/lahtihistoricrally.fi\/en\/wp-json\/wp\/v2\/types\/page"}],"author":[{"embeddable":true,"href":"https:\/\/lahtihistoricrally.fi\/en\/wp-json\/wp\/v2\/users\/1"}],"replies":[{"embeddable":true,"href":"https:\/\/lahtihistoricrally.fi\/en\/wp-json\/wp\/v2\/comments?post=42"}],"version-history":[{"count":66,"href":"https:\/\/lahtihistoricrally.fi\/en\/wp-json\/wp\/v2\/pages\/42\/revisions"}],"predecessor-version":[{"id":5582,"href":"https:\/\/lahtihistoricrally.fi\/en\/wp-json\/wp\/v2\/pages\/42\/revisions\/5582"}],"wp:featuredmedia":[{"embeddable":true,"href":"https:\/\/lahtihistoricrally.fi\/en\/wp-json\/wp\/v2\/media\/2077"}],"wp:attachment":[{"href":"https:\/\/lahtihistoricrally.fi\/en\/wp-json\/wp\/v2\/media?parent=42"}],"curies":[{"name":"wp","href":"https:\/\/api.w.org\/{rel}","templated":true}]}}