{"id":654,"date":"2018-05-25T17:17:14","date_gmt":"2018-05-25T17:17:14","guid":{"rendered":"http:\/\/lahtihistoricrally.fi\/?page_id=654"},"modified":"2018-05-25T17:17:14","modified_gmt":"2018-05-25T17:17:14","slug":"tietosuojaseloste","status":"publish","type":"page","link":"https:\/\/lahtihistoricrally.fi\/en\/tietosuojaseloste\/","title":{"rendered":"Tietosuojaseloste"},"content":{"rendered":"<p>Heinolan Urheiluautoilijat ry:n j\u00e4senrekisterin tietosuojaseloste<\/p>\n<p>25.5.2018<\/p>\n<p><strong>J\u00e4senrekisterin tietosuojaseloste\u00a0<\/strong><\/p>\n<p>Rekisterinpit\u00e4j\u00e4ll\u00e4 on tietosuoja-asetuksen mukaan velvollisuus informoida selke\u00e4ll\u00e4 tavalla rekister\u00f6ityj\u00e4. T\u00e4m\u00e4 seloste t\u00e4ytt\u00e4\u00e4 informointivelvoitteen.<\/p>\n<ol>\n<li><strong> Rekisterinpit\u00e4j\u00e4\u00a0<\/strong><\/li>\n<\/ol>\n<p>Lahti Historic Rally ry<br \/>\nKari Kukkam\u00e4ki<br \/>\nVahravuorentie 13<br \/>\n18150 Heinola<\/p>\n<p>&nbsp;<\/p>\n<p><strong>Yhteystiedot rekisteri\u00e4 koskevissa asioissa\u00a0<\/strong><\/p>\n<p>Kari Kukkam\u00e4ki<br \/>\nkari.kukkamaki@gmail.com<\/p>\n<p><strong>Tapauksen mukaan mahdollisen tietosuojavastaavan yhteystiedot:\u00a0<\/strong><\/p>\n<p>Tietosuojavastaava<\/p>\n<p>Kari Kukkam\u00e4ki<br \/>\nkari.kukkamaki@gmail.com<\/p>\n<ol start=\"2\">\n<li><strong> Rekister\u00f6idyt\u00a0<\/strong><\/li>\n<\/ol>\n<p>Lahti Historic Rally ry:hyn liittyneet j\u00e4senet.<\/p>\n<ol start=\"3\">\n<li><strong> Rekisterin pit\u00e4misen peruste ja k\u00e4ytt\u00f6tarkoitus\u00a0<\/strong><\/li>\n<\/ol>\n<p>Henkil\u00f6tietoja k\u00e4sitell\u00e4\u00e4n j\u00e4senyyden perusteella.<\/p>\n<p><strong>Henkil\u00f6tietojen k\u00e4sittelyn ja rekisterin k\u00e4ytt\u00f6tarkoitus\u00a0<\/strong><\/p>\n<p>Henkil\u00f6tietoja k\u00e4sitell\u00e4\u00e4n vain ennalta m\u00e4\u00e4riteltyihin tarkoituksiin, jotka ovat kilpailutoiminta, j\u00e4senten v\u00e4listen suhteiden hoitaminen, yll\u00e4pito, kehitt\u00e4minen ja j\u00e4senviestint\u00e4.<\/p>\n<ol start=\"4\">\n<li><strong> Rekisteriin tallennettavat henkil\u00f6tiedot\u00a0<\/strong><\/li>\n<\/ol>\n<p>J\u00e4senrekisteri sis\u00e4lt\u00e4\u00e4 seuraavat tiedot:<\/p>\n<p>Contacts<br \/>\nHenkil\u00f6n nimi<br \/>\nHenkil\u00f6tunnus<br \/>\nOsoite<br \/>\nS\u00e4hk\u00f6posti<br \/>\nPuhelinnumero<br \/>\nHarrastustoimintaan liittyv\u00e4t tiedot (lajitiedot, mielenkiinnon kohteet)<\/p>\n<ol start=\"5\">\n<li><strong> Rekister\u00f6idyn oikeudet\u00a0<\/strong><\/li>\n<\/ol>\n<p>Rekister\u00f6idyll\u00e4 on seuraavat oikeudet, joiden k\u00e4ytt\u00e4mist\u00e4 koskevat pyynn\u00f6t tulee tehd\u00e4 osoitteeseen kari.kukkamaki@gmail.com<\/p>\n<p><strong>Tarkastusoikeus\u00a0<\/strong><\/p>\n<p>Rekister\u00f6ity voi tarkistaa tallennetut henkil\u00f6tiedot.<\/p>\n<p><strong>Oikeus tietojen oikaisemiseen\u00a0<\/strong><\/p>\n<p>Rekister\u00f6ity voi pyyt\u00e4\u00e4 oikaisemaan h\u00e4nt\u00e4 koskevat virheelliset tai puutteelliset tiedot.<\/p>\n<p><strong>Vastustamisoikeus\u00a0<\/strong><\/p>\n<p>Rekister\u00f6ity voi vastustaa henkil\u00f6tietojen k\u00e4sittely\u00e4, mik\u00e4li kokee, ett\u00e4 henkil\u00f6tietoja on k\u00e4sitelty lainvastaisesti.<\/p>\n<p><strong>Suoramarkkinointikielto\u00a0<\/strong><\/p>\n<p>Rekister\u00f6idyll\u00e4 on oikeus kielt\u00e4\u00e4 tietojen k\u00e4ytt\u00e4minen suoramarkkinointiin.<\/p>\n<p><strong>Poisto-oikeus\u00a0<\/strong><\/p>\n<p>Rekister\u00f6idyll\u00e4 on oikeus pyyt\u00e4\u00e4 tietojen poistamista, jos tietojen k\u00e4sittely ei ole tarpeen. Poistopyynt\u00f6 k\u00e4sitell\u00e4\u00e4n, jonka j\u00e4lkeen tiedot poistetaan tai rekister\u00f6idylle ilmoitetaan perusteltu syy, miksi tietoja ei voida poistaa.<\/p>\n<p><strong>Rekister\u00f6ity voi valittaa p\u00e4\u00e4t\u00f6ksest\u00e4 tietosuojavaltuutetulle<\/strong><\/p>\n<p>Rekister\u00f6idyll\u00e4 on oikeus tehd\u00e4 valitus tietosuojavaltuutetulle kantelu, jos h\u00e4n kokee, ett\u00e4 rikomme henkil\u00f6tietoja k\u00e4sitelless\u00e4mme voimassa olevaa tietosuojalains\u00e4\u00e4d\u00e4nt\u00f6\u00e4.<\/p>\n<p>Tietosuojavaltuutetun yhteystiedot:\u00a0www.tietosuoja.fi\/fi\/index\/yhteystiedot.html<\/p>\n<ol start=\"5\">\n<li><strong> S\u00e4\u00e4nn\u00f6nmukaiset tietol\u00e4hteet\u00a0<\/strong><\/li>\n<\/ol>\n<p>Rekisterin k\u00e4ytt\u00e4j\u00e4tiedot ker\u00e4t\u00e4\u00e4n j\u00e4senilt\u00e4 itselt\u00e4\u00e4n j\u00e4seneksi liittymisen yhteydess\u00e4 verkkolomakkeella, suullisesti, s\u00e4hk\u00f6postilla, kirjallisesti tai muulla vastaavalla tavalla. Henkil\u00f6tietoja voidaan ker\u00e4t\u00e4 ja p\u00e4ivitt\u00e4\u00e4 my\u00f6s julkisista ja yksityisist\u00e4 rekistereist\u00e4.<\/p>\n<ol start=\"6\">\n<li><strong> S\u00e4\u00e4nn\u00f6nmukaiset tietojen luovutukset\u00a0<\/strong><\/li>\n<\/ol>\n<p>Tietoja ei p\u00e4\u00e4s\u00e4\u00e4nt\u00f6isesti luovuteta markkinointitarkoituksiin Heinolan Urheiluautoilijoiden ulkopuolelle.<\/p>\n<ol start=\"7\">\n<li><strong> K\u00e4sittelyn kesto\u00a0<\/strong><\/li>\n<\/ol>\n<p>Henkil\u00f6tietoja s\u00e4ilytet\u00e4\u00e4n niin kauan kuin j\u00e4sentietojen k\u00e4ytt\u00f6tarkoituksen vuoksi on tarpeellista. L\u00e4ht\u00f6kohtaisesti j\u00e4sentietoja s\u00e4ilytet\u00e4\u00e4n 6 kuukautta j\u00e4senyyden p\u00e4\u00e4ttymisen j\u00e4lkeen (paitsi milloin lains\u00e4\u00e4d\u00e4nt\u00f6 edellytt\u00e4\u00e4 tietojen s\u00e4ilytt\u00e4mist\u00e4 pidemp\u00e4\u00e4n).<\/p>\n<ol start=\"8\">\n<li><strong> Henkil\u00f6tietojen k\u00e4sittelij\u00e4t\u00a0<\/strong><\/li>\n<\/ol>\n<p>J\u00e4senrekisterin mukaisia tietoja k\u00e4sittelev\u00e4t Heinolan Urheiluautoilijat ry:n puheenjohtajat, lajivastaavat ja sihteerit. Yhdistys on ulkoistanut henkil\u00f6tietojen tallentamisen kolmannelle osapuolelle AKK ry:lle (autourheiluyhdistysten kattoj\u00e4rjest\u00f6. Yhdistys takaa sopimusj\u00e4rjestelyin, ett\u00e4 henkil\u00f6tietoja k\u00e4sitell\u00e4\u00e4n voimassa olevan tietosuojalains\u00e4\u00e4d\u00e4nn\u00f6n mukaisesti.<\/p>\n<ol start=\"9\">\n<li><strong> Tietojen siirto EU:n ulkopuolelle\u00a0<\/strong><\/li>\n<\/ol>\n<p>Henkil\u00f6tietoja ei luovuteta eteenp\u00e4in, eik\u00e4 niit\u00e4 siirret\u00e4 EU:n tai Euroopan talousalueen ulkopuolelle.<\/p>","protected":false},"excerpt":{"rendered":"<p>Heinolan Urheiluautoilijat ry:n j\u00e4senrekisterin tietosuojaseloste 25.5.2018 J\u00e4senrekisterin tietosuojaseloste\u00a0 Rekisterinpit\u00e4j\u00e4ll\u00e4 on tietosuoja-asetuksen mukaan velvollisuus informoida selke\u00e4ll\u00e4 tavalla rekister\u00f6ityj\u00e4. T\u00e4m\u00e4 seloste t\u00e4ytt\u00e4\u00e4 informointivelvoitteen. Rekisterinpit\u00e4j\u00e4\u00a0 Lahti Historic Rally ry Kari Kukkam\u00e4ki Vahravuorentie 13 18150 Heinola &nbsp; Yhteystiedot rekisteri\u00e4 koskevissa asioissa\u00a0 Kari Kukkam\u00e4ki kari.kukkamaki@gmail.com Tapauksen mukaan mahdollisen tietosuojavastaavan yhteystiedot:\u00a0 Tietosuojavastaava Kari Kukkam\u00e4ki kari.kukkamaki@gmail.com Rekister\u00f6idyt\u00a0 [&hellip;]<\/p>\n","protected":false},"author":1,"featured_media":0,"parent":0,"menu_order":0,"comment_status":"closed","ping_status":"closed","template":"","meta":{"_themeisle_gutenberg_block_has_review":false,"footnotes":""},"class_list":["post-654","page","type-page","status-publish","hentry"],"yoast_head":"<!-- This site is optimized with the Yoast SEO plugin v26.9 - https:\/\/yoast.com\/product\/yoast-seo-wordpress\/ -->\n<title>Tietosuojaseloste - Lahti Historic Rally<\/title>\n<meta name=\"robots\" content=\"index, follow, max-snippet:-1, max-image-preview:large, max-video-preview:-1\" \/>\n<link rel=\"canonical\" href=\"https:\/\/lahtihistoricrally.fi\/en\/tietosuojaseloste\/\" \/>\n<meta property=\"og:locale\" content=\"en_US\" \/>\n<meta property=\"og:type\" content=\"article\" \/>\n<meta property=\"og:title\" content=\"Tietosuojaseloste - Lahti Historic Rally\" \/>\n<meta property=\"og:description\" content=\"Heinolan Urheiluautoilijat ry:n j\u00e4senrekisterin tietosuojaseloste 25.5.2018 J\u00e4senrekisterin tietosuojaseloste\u00a0 Rekisterinpit\u00e4j\u00e4ll\u00e4 on tietosuoja-asetuksen mukaan velvollisuus informoida selke\u00e4ll\u00e4 tavalla rekister\u00f6ityj\u00e4. T\u00e4m\u00e4 seloste t\u00e4ytt\u00e4\u00e4 informointivelvoitteen. Rekisterinpit\u00e4j\u00e4\u00a0 Lahti Historic Rally ry Kari Kukkam\u00e4ki Vahravuorentie 13 18150 Heinola &nbsp; Yhteystiedot rekisteri\u00e4 koskevissa asioissa\u00a0 Kari Kukkam\u00e4ki kari.kukkamaki@gmail.com Tapauksen mukaan mahdollisen tietosuojavastaavan yhteystiedot:\u00a0 Tietosuojavastaava Kari Kukkam\u00e4ki kari.kukkamaki@gmail.com Rekister\u00f6idyt\u00a0 [&hellip;]\" \/>\n<meta property=\"og:url\" content=\"https:\/\/lahtihistoricrally.fi\/en\/tietosuojaseloste\/\" \/>\n<meta property=\"og:site_name\" content=\"Lahti Historic Rally\" \/>\n<meta name=\"twitter:card\" content=\"summary_large_image\" \/>\n<meta name=\"twitter:label1\" content=\"Est. reading time\" \/>\n\t<meta name=\"twitter:data1\" content=\"2 minutes\" \/>\n<script type=\"application\/ld+json\" class=\"yoast-schema-graph\">{\"@context\":\"https:\/\/schema.org\",\"@graph\":[{\"@type\":\"WebPage\",\"@id\":\"https:\/\/lahtihistoricrally.fi\/tietosuojaseloste\/\",\"url\":\"https:\/\/lahtihistoricrally.fi\/tietosuojaseloste\/\",\"name\":\"Tietosuojaseloste - Lahti Historic Rally\",\"isPartOf\":{\"@id\":\"https:\/\/lahtihistoricrally.fi\/#website\"},\"datePublished\":\"2018-05-25T17:17:14+00:00\",\"breadcrumb\":{\"@id\":\"https:\/\/lahtihistoricrally.fi\/tietosuojaseloste\/#breadcrumb\"},\"inLanguage\":\"en-US\",\"potentialAction\":[{\"@type\":\"ReadAction\",\"target\":[\"https:\/\/lahtihistoricrally.fi\/tietosuojaseloste\/\"]}]},{\"@type\":\"BreadcrumbList\",\"@id\":\"https:\/\/lahtihistoricrally.fi\/tietosuojaseloste\/#breadcrumb\",\"itemListElement\":[{\"@type\":\"ListItem\",\"position\":1,\"name\":\"Etusivu\",\"item\":\"https:\/\/lahtihistoricrally.fi\/\"},{\"@type\":\"ListItem\",\"position\":2,\"name\":\"Tietosuojaseloste\"}]},{\"@type\":\"WebSite\",\"@id\":\"https:\/\/lahtihistoricrally.fi\/#website\",\"url\":\"https:\/\/lahtihistoricrally.fi\/\",\"name\":\"Lahti Historic Rally\",\"description\":\"FIA European Historic Rally Championship\",\"publisher\":{\"@id\":\"https:\/\/lahtihistoricrally.fi\/#organization\"},\"potentialAction\":[{\"@type\":\"SearchAction\",\"target\":{\"@type\":\"EntryPoint\",\"urlTemplate\":\"https:\/\/lahtihistoricrally.fi\/?s={search_term_string}\"},\"query-input\":{\"@type\":\"PropertyValueSpecification\",\"valueRequired\":true,\"valueName\":\"search_term_string\"}}],\"inLanguage\":\"en-US\"},{\"@type\":\"Organization\",\"@id\":\"https:\/\/lahtihistoricrally.fi\/#organization\",\"name\":\"Lahti Historic Rally\",\"url\":\"https:\/\/lahtihistoricrally.fi\/\",\"logo\":{\"@type\":\"ImageObject\",\"inLanguage\":\"en-US\",\"@id\":\"https:\/\/lahtihistoricrally.fi\/#\/schema\/logo\/image\/\",\"url\":\"https:\/\/i0.wp.com\/lahtihistoricrally.fi\/wp-content\/uploads\/2024\/07\/lahti_historic_rally_logo_blue_800.png?fit=800%2C371&ssl=1\",\"contentUrl\":\"https:\/\/i0.wp.com\/lahtihistoricrally.fi\/wp-content\/uploads\/2024\/07\/lahti_historic_rally_logo_blue_800.png?fit=800%2C371&ssl=1\",\"width\":800,\"height\":371,\"caption\":\"Lahti Historic Rally\"},\"image\":{\"@id\":\"https:\/\/lahtihistoricrally.fi\/#\/schema\/logo\/image\/\"}}]}<\/script>\n<!-- \/ Yoast SEO plugin. -->","yoast_head_json":{"title":"Tietosuojaseloste - Lahti Historic Rally","robots":{"index":"index","follow":"follow","max-snippet":"max-snippet:-1","max-image-preview":"max-image-preview:large","max-video-preview":"max-video-preview:-1"},"canonical":"https:\/\/lahtihistoricrally.fi\/en\/tietosuojaseloste\/","og_locale":"en_US","og_type":"article","og_title":"Tietosuojaseloste - Lahti Historic Rally","og_description":"Heinolan Urheiluautoilijat ry:n j\u00e4senrekisterin tietosuojaseloste 25.5.2018 J\u00e4senrekisterin tietosuojaseloste\u00a0 Rekisterinpit\u00e4j\u00e4ll\u00e4 on tietosuoja-asetuksen mukaan velvollisuus informoida selke\u00e4ll\u00e4 tavalla rekister\u00f6ityj\u00e4. T\u00e4m\u00e4 seloste t\u00e4ytt\u00e4\u00e4 informointivelvoitteen. Rekisterinpit\u00e4j\u00e4\u00a0 Lahti Historic Rally ry Kari Kukkam\u00e4ki Vahravuorentie 13 18150 Heinola &nbsp; Yhteystiedot rekisteri\u00e4 koskevissa asioissa\u00a0 Kari Kukkam\u00e4ki kari.kukkamaki@gmail.com Tapauksen mukaan mahdollisen tietosuojavastaavan yhteystiedot:\u00a0 Tietosuojavastaava Kari Kukkam\u00e4ki kari.kukkamaki@gmail.com Rekister\u00f6idyt\u00a0 [&hellip;]","og_url":"https:\/\/lahtihistoricrally.fi\/en\/tietosuojaseloste\/","og_site_name":"Lahti Historic Rally","twitter_card":"summary_large_image","twitter_misc":{"Est. reading time":"2 minutes"},"schema":{"@context":"https:\/\/schema.org","@graph":[{"@type":"WebPage","@id":"https:\/\/lahtihistoricrally.fi\/tietosuojaseloste\/","url":"https:\/\/lahtihistoricrally.fi\/tietosuojaseloste\/","name":"Tietosuojaseloste - Lahti Historic Rally","isPartOf":{"@id":"https:\/\/lahtihistoricrally.fi\/#website"},"datePublished":"2018-05-25T17:17:14+00:00","breadcrumb":{"@id":"https:\/\/lahtihistoricrally.fi\/tietosuojaseloste\/#breadcrumb"},"inLanguage":"en-US","potentialAction":[{"@type":"ReadAction","target":["https:\/\/lahtihistoricrally.fi\/tietosuojaseloste\/"]}]},{"@type":"BreadcrumbList","@id":"https:\/\/lahtihistoricrally.fi\/tietosuojaseloste\/#breadcrumb","itemListElement":[{"@type":"ListItem","position":1,"name":"Etusivu","item":"https:\/\/lahtihistoricrally.fi\/"},{"@type":"ListItem","position":2,"name":"Tietosuojaseloste"}]},{"@type":"WebSite","@id":"https:\/\/lahtihistoricrally.fi\/#website","url":"https:\/\/lahtihistoricrally.fi\/","name":"Lahti Historic Rally","description":"FIA European Historic Rally Championship","publisher":{"@id":"https:\/\/lahtihistoricrally.fi\/#organization"},"potentialAction":[{"@type":"SearchAction","target":{"@type":"EntryPoint","urlTemplate":"https:\/\/lahtihistoricrally.fi\/?s={search_term_string}"},"query-input":{"@type":"PropertyValueSpecification","valueRequired":true,"valueName":"search_term_string"}}],"inLanguage":"en-US"},{"@type":"Organization","@id":"https:\/\/lahtihistoricrally.fi\/#organization","name":"Lahti Historic Rally","url":"https:\/\/lahtihistoricrally.fi\/","logo":{"@type":"ImageObject","inLanguage":"en-US","@id":"https:\/\/lahtihistoricrally.fi\/#\/schema\/logo\/image\/","url":"https:\/\/i0.wp.com\/lahtihistoricrally.fi\/wp-content\/uploads\/2024\/07\/lahti_historic_rally_logo_blue_800.png?fit=800%2C371&ssl=1","contentUrl":"https:\/\/i0.wp.com\/lahtihistoricrally.fi\/wp-content\/uploads\/2024\/07\/lahti_historic_rally_logo_blue_800.png?fit=800%2C371&ssl=1","width":800,"height":371,"caption":"Lahti Historic Rally"},"image":{"@id":"https:\/\/lahtihistoricrally.fi\/#\/schema\/logo\/image\/"}}]}},"jetpack_sharing_enabled":true,"_links":{"self":[{"href":"https:\/\/lahtihistoricrally.fi\/en\/wp-json\/wp\/v2\/pages\/654","targetHints":{"allow":["GET"]}}],"collection":[{"href":"https:\/\/lahtihistoricrally.fi\/en\/wp-json\/wp\/v2\/pages"}],"about":[{"href":"https:\/\/lahtihistoricrally.fi\/en\/wp-json\/wp\/v2\/types\/page"}],"author":[{"embeddable":true,"href":"https:\/\/lahtihistoricrally.fi\/en\/wp-json\/wp\/v2\/users\/1"}],"replies":[{"embeddable":true,"href":"https:\/\/lahtihistoricrally.fi\/en\/wp-json\/wp\/v2\/comments?post=654"}],"version-history":[{"count":1,"href":"https:\/\/lahtihistoricrally.fi\/en\/wp-json\/wp\/v2\/pages\/654\/revisions"}],"predecessor-version":[{"id":655,"href":"https:\/\/lahtihistoricrally.fi\/en\/wp-json\/wp\/v2\/pages\/654\/revisions\/655"}],"wp:attachment":[{"href":"https:\/\/lahtihistoricrally.fi\/en\/wp-json\/wp\/v2\/media?parent=654"}],"curies":[{"name":"wp","href":"https:\/\/api.w.org\/{rel}","templated":true}]}}