{"id":79,"date":"2017-05-10T15:15:40","date_gmt":"2017-05-10T13:15:40","guid":{"rendered":"http:\/\/lahtihistoricrally.fi\/?page_id=79"},"modified":"2025-06-15T09:52:17","modified_gmt":"2025-06-15T07:52:17","slug":"kilpailijoille","status":"publish","type":"page","link":"https:\/\/lahtihistoricrally.fi\/en\/kilpailijoille\/","title":{"rendered":"Competitors"},"content":{"rendered":"<div data-elementor-type=\"wp-page\" data-elementor-id=\"79\" class=\"elementor elementor-79\" data-elementor-post-type=\"page\">\n\t\t\t\t\t\t<section class=\"elementor-section elementor-top-section elementor-element elementor-element-2f66268 elementor-section-height-min-height elementor-section-boxed elementor-section-height-default elementor-section-items-middle\" data-id=\"2f66268\" data-element_type=\"section\" data-e-type=\"section\" data-settings=\"{&quot;background_background&quot;:&quot;classic&quot;}\">\n\t\t\t\t\t\t<div class=\"elementor-container elementor-column-gap-default\">\n\t\t\t\t\t<div class=\"elementor-column elementor-col-100 elementor-top-column elementor-element elementor-element-9314a5e\" data-id=\"9314a5e\" data-element_type=\"column\" data-e-type=\"column\">\n\t\t\t<div class=\"elementor-widget-wrap elementor-element-populated\">\n\t\t\t\t\t\t<div class=\"elementor-element elementor-element-3295eaf elementor-widget elementor-widget-heading\" data-id=\"3295eaf\" data-element_type=\"widget\" data-e-type=\"widget\" data-widget_type=\"heading.default\">\n\t\t\t\t<div class=\"elementor-widget-container\">\n\t\t\t\t\t<h2 class=\"elementor-heading-title elementor-size-default\">Competitors<\/h2>\t\t\t\t<\/div>\n\t\t\t\t<\/div>\n\t\t\t\t\t<\/div>\n\t\t<\/div>\n\t\t\t\t\t<\/div>\n\t\t<\/section>\n\t\t\t\t<section class=\"elementor-section elementor-top-section elementor-element elementor-element-6e52a72 elementor-section-boxed elementor-section-height-default elementor-section-height-default\" data-id=\"6e52a72\" data-element_type=\"section\" data-e-type=\"section\">\n\t\t\t\t\t\t\t<div class=\"elementor-background-overlay\"><\/div>\n\t\t\t\t\t\t\t<div class=\"elementor-container elementor-column-gap-default\">\n\t\t\t\t\t<div class=\"make-column-clickable-elementor elementor-column elementor-col-33 elementor-top-column elementor-element elementor-element-42a4945\" style=\"cursor: pointer;\" data-column-clickable=\"https:\/\/lahtihistoricrally.fi\/aikataulu\/\" data-column-clickable-blank=\"_blank\" data-id=\"42a4945\" data-element_type=\"column\" data-e-type=\"column\" data-settings=\"{&quot;background_background&quot;:&quot;classic&quot;}\">\n\t\t\t<div class=\"elementor-widget-wrap elementor-element-populated\">\n\t\t\t\t\t\t<div class=\"elementor-element elementor-element-880340a elementor-widget elementor-widget-heading\" data-id=\"880340a\" data-element_type=\"widget\" data-e-type=\"widget\" data-widget_type=\"heading.default\">\n\t\t\t\t<div class=\"elementor-widget-container\">\n\t\t\t\t\t<h2 class=\"elementor-heading-title elementor-size-default\">Itinerary<\/h2>\t\t\t\t<\/div>\n\t\t\t\t<\/div>\n\t\t\t\t<div class=\"elementor-element elementor-element-75a8c4c elementor-widget-divider--view-line elementor-widget elementor-widget-divider\" data-id=\"75a8c4c\" data-element_type=\"widget\" data-e-type=\"widget\" data-widget_type=\"divider.default\">\n\t\t\t\t<div class=\"elementor-widget-container\">\n\t\t\t\t\t\t\t<div class=\"elementor-divider\">\n\t\t\t<span class=\"elementor-divider-separator\">\n\t\t\t\t\t\t<\/span>\n\t\t<\/div>\n\t\t\t\t\t\t<\/div>\n\t\t\t\t<\/div>\n\t\t\t\t\t<\/div>\n\t\t<\/div>\n\t\t\t\t<div class=\"make-column-clickable-elementor elementor-column elementor-col-33 elementor-top-column elementor-element elementor-element-7c28040\" style=\"cursor: pointer;\" data-column-clickable=\"https:\/\/lahtihistoricrally.fi\/aluekartat\/\" data-column-clickable-blank=\"_blank\" data-id=\"7c28040\" data-element_type=\"column\" data-e-type=\"column\" data-settings=\"{&quot;background_background&quot;:&quot;classic&quot;}\">\n\t\t\t<div class=\"elementor-widget-wrap elementor-element-populated\">\n\t\t\t\t\t\t<div class=\"elementor-element elementor-element-8119f68 elementor-widget elementor-widget-heading\" data-id=\"8119f68\" data-element_type=\"widget\" data-e-type=\"widget\" data-widget_type=\"heading.default\">\n\t\t\t\t<div class=\"elementor-widget-container\">\n\t\t\t\t\t<h2 class=\"elementor-heading-title elementor-size-default\">Maps<\/h2>\t\t\t\t<\/div>\n\t\t\t\t<\/div>\n\t\t\t\t<div class=\"elementor-element elementor-element-68d3b8d elementor-widget-divider--view-line elementor-widget elementor-widget-divider\" data-id=\"68d3b8d\" data-element_type=\"widget\" data-e-type=\"widget\" data-widget_type=\"divider.default\">\n\t\t\t\t<div class=\"elementor-widget-container\">\n\t\t\t\t\t\t\t<div class=\"elementor-divider\">\n\t\t\t<span class=\"elementor-divider-separator\">\n\t\t\t\t\t\t<\/span>\n\t\t<\/div>\n\t\t\t\t\t\t<\/div>\n\t\t\t\t<\/div>\n\t\t\t\t\t<\/div>\n\t\t<\/div>\n\t\t\t\t<div class=\"make-column-clickable-elementor elementor-column elementor-col-33 elementor-top-column elementor-element elementor-element-23a808e\" style=\"cursor: pointer;\" data-column-clickable=\"https:\/\/lahtihistoricrally.fi\/saannot\/\" data-column-clickable-blank=\"_blank\" data-id=\"23a808e\" data-element_type=\"column\" data-e-type=\"column\" data-settings=\"{&quot;background_background&quot;:&quot;classic&quot;}\">\n\t\t\t<div class=\"elementor-widget-wrap elementor-element-populated\">\n\t\t\t\t\t\t<div class=\"elementor-element elementor-element-619ff02 elementor-widget elementor-widget-heading\" data-id=\"619ff02\" data-element_type=\"widget\" data-e-type=\"widget\" data-widget_type=\"heading.default\">\n\t\t\t\t<div class=\"elementor-widget-container\">\n\t\t\t\t\t<h2 class=\"elementor-heading-title elementor-size-default\"><a href=\"https:\/\/lahtihistoricrally.fi\/wp-content\/uploads\/2025\/06\/Lahti-Historic-Rally-2025-Supplementary-Regulations-FIA-FINAL_.pdf\">Regulations<\/a><\/h2>\t\t\t\t<\/div>\n\t\t\t\t<\/div>\n\t\t\t\t<div class=\"elementor-element elementor-element-897a7a6 elementor-widget-divider--view-line elementor-widget elementor-widget-divider\" data-id=\"897a7a6\" data-element_type=\"widget\" data-e-type=\"widget\" data-widget_type=\"divider.default\">\n\t\t\t\t<div class=\"elementor-widget-container\">\n\t\t\t\t\t\t\t<div class=\"elementor-divider\">\n\t\t\t<span class=\"elementor-divider-separator\">\n\t\t\t\t\t\t<\/span>\n\t\t<\/div>\n\t\t\t\t\t\t<\/div>\n\t\t\t\t<\/div>\n\t\t\t\t\t<\/div>\n\t\t<\/div>\n\t\t\t\t\t<\/div>\n\t\t<\/section>\n\t\t\t\t<section class=\"elementor-section elementor-top-section elementor-element elementor-element-1ccc050 elementor-section-boxed elementor-section-height-default elementor-section-height-default\" data-id=\"1ccc050\" data-element_type=\"section\" data-e-type=\"section\">\n\t\t\t\t\t\t<div class=\"elementor-container elementor-column-gap-default\">\n\t\t\t\t\t<div class=\"make-column-clickable-elementor elementor-column elementor-col-50 elementor-top-column elementor-element elementor-element-c351db5\" style=\"cursor: pointer;\" data-column-clickable=\"https:\/\/lahtihistoricrally.fi\/ilmoittautuminen\/\" data-column-clickable-blank=\"_blank\" data-id=\"c351db5\" data-element_type=\"column\" data-e-type=\"column\" data-settings=\"{&quot;background_background&quot;:&quot;classic&quot;}\">\n\t\t\t<div class=\"elementor-widget-wrap elementor-element-populated\">\n\t\t\t\t\t\t<div class=\"elementor-element elementor-element-e107037 elementor-widget elementor-widget-heading\" data-id=\"e107037\" data-element_type=\"widget\" data-e-type=\"widget\" data-widget_type=\"heading.default\">\n\t\t\t\t<div class=\"elementor-widget-container\">\n\t\t\t\t\t<h2 class=\"elementor-heading-title elementor-size-default\">Entry<\/h2>\t\t\t\t<\/div>\n\t\t\t\t<\/div>\n\t\t\t\t<div class=\"elementor-element elementor-element-bc710c9 elementor-widget-divider--view-line elementor-widget elementor-widget-divider\" data-id=\"bc710c9\" data-element_type=\"widget\" data-e-type=\"widget\" data-widget_type=\"divider.default\">\n\t\t\t\t<div class=\"elementor-widget-container\">\n\t\t\t\t\t\t\t<div class=\"elementor-divider\">\n\t\t\t<span class=\"elementor-divider-separator\">\n\t\t\t\t\t\t<\/span>\n\t\t<\/div>\n\t\t\t\t\t\t<\/div>\n\t\t\t\t<\/div>\n\t\t\t\t\t<\/div>\n\t\t<\/div>\n\t\t\t\t<div class=\"make-column-clickable-elementor elementor-column elementor-col-50 elementor-top-column elementor-element elementor-element-9cd33d7\" style=\"cursor: pointer;\" data-column-clickable=\"https:\/\/lahtihistoricrally.fi\/virallinen-ilmoitustaulu\/\" data-column-clickable-blank=\"_self\" data-id=\"9cd33d7\" data-element_type=\"column\" data-e-type=\"column\" data-settings=\"{&quot;background_background&quot;:&quot;classic&quot;}\">\n\t\t\t<div class=\"elementor-widget-wrap elementor-element-populated\">\n\t\t\t\t\t\t<div class=\"elementor-element elementor-element-90c6d74 elementor-widget elementor-widget-heading\" data-id=\"90c6d74\" data-element_type=\"widget\" data-e-type=\"widget\" data-widget_type=\"heading.default\">\n\t\t\t\t<div class=\"elementor-widget-container\">\n\t\t\t\t\t<h2 class=\"elementor-heading-title elementor-size-default\">Official noteboard<\/h2>\t\t\t\t<\/div>\n\t\t\t\t<\/div>\n\t\t\t\t<div class=\"elementor-element elementor-element-192093b elementor-widget-divider--view-line elementor-widget elementor-widget-divider\" data-id=\"192093b\" data-element_type=\"widget\" data-e-type=\"widget\" data-widget_type=\"divider.default\">\n\t\t\t\t<div class=\"elementor-widget-container\">\n\t\t\t\t\t\t\t<div class=\"elementor-divider\">\n\t\t\t<span class=\"elementor-divider-separator\">\n\t\t\t\t\t\t<\/span>\n\t\t<\/div>\n\t\t\t\t\t\t<\/div>\n\t\t\t\t<\/div>\n\t\t\t\t\t<\/div>\n\t\t<\/div>\n\t\t\t\t\t<\/div>\n\t\t<\/section>\n\t\t\t\t<section class=\"elementor-section elementor-top-section elementor-element elementor-element-20c7d0e elementor-section-boxed elementor-section-height-default elementor-section-height-default\" data-id=\"20c7d0e\" data-element_type=\"section\" data-e-type=\"section\">\n\t\t\t\t\t\t<div class=\"elementor-container elementor-column-gap-default\">\n\t\t\t\t\t<div class=\"make-column-clickable-elementor elementor-column elementor-col-100 elementor-top-column elementor-element elementor-element-ee71692\" style=\"cursor: pointer;\" data-column-clickable=\"https:\/\/lahtihistoricrally.fi\/majoitus\/#solo\" data-column-clickable-blank=\"_blank\" data-id=\"ee71692\" data-element_type=\"column\" data-e-type=\"column\" data-settings=\"{&quot;background_background&quot;:&quot;classic&quot;}\">\n\t\t\t<div class=\"elementor-widget-wrap elementor-element-populated\">\n\t\t\t\t\t\t<div class=\"elementor-element elementor-element-2a105a2 elementor-widget elementor-widget-image\" data-id=\"2a105a2\" data-element_type=\"widget\" data-e-type=\"widget\" data-widget_type=\"image.default\">\n\t\t\t\t<div class=\"elementor-widget-container\">\n\t\t\t\t\t\t\t\t\t\t\t\t\t\t\t<img fetchpriority=\"high\" decoding=\"async\" width=\"750\" height=\"150\" src=\"https:\/\/i0.wp.com\/lahtihistoricrally.fi\/wp-content\/uploads\/2024\/05\/GreenStar-Hotel-logo-vaaka.jpg?fit=750%2C150&amp;ssl=1\" class=\"attachment-large size-large wp-image-4291\" alt=\"\" srcset=\"https:\/\/i0.wp.com\/lahtihistoricrally.fi\/wp-content\/uploads\/2024\/05\/GreenStar-Hotel-logo-vaaka.jpg?w=1134&amp;ssl=1 1134w, https:\/\/i0.wp.com\/lahtihistoricrally.fi\/wp-content\/uploads\/2024\/05\/GreenStar-Hotel-logo-vaaka.jpg?resize=500%2C100&amp;ssl=1 500w, https:\/\/i0.wp.com\/lahtihistoricrally.fi\/wp-content\/uploads\/2024\/05\/GreenStar-Hotel-logo-vaaka.jpg?resize=768%2C154&amp;ssl=1 768w, https:\/\/i0.wp.com\/lahtihistoricrally.fi\/wp-content\/uploads\/2024\/05\/GreenStar-Hotel-logo-vaaka.jpg?resize=18%2C4&amp;ssl=1 18w\" sizes=\"(max-width: 750px) 100vw, 750px\" \/>\t\t\t\t\t\t\t\t\t\t\t\t\t\t\t<\/div>\n\t\t\t\t<\/div>\n\t\t\t\t<div class=\"elementor-element elementor-element-6500a85 elementor-widget elementor-widget-heading\" data-id=\"6500a85\" data-element_type=\"widget\" data-e-type=\"widget\" data-widget_type=\"heading.default\">\n\t\t\t\t<div class=\"elementor-widget-container\">\n\t\t\t\t\t<h2 class=\"elementor-heading-title elementor-size-default\">Green Star Hotel Lahti<\/h2>\t\t\t\t<\/div>\n\t\t\t\t<\/div>\n\t\t\t\t\t<\/div>\n\t\t<\/div>\n\t\t\t\t\t<\/div>\n\t\t<\/section>\n\t\t\t\t<\/div>","protected":false},"excerpt":{"rendered":"<p>Kilpailijat Aikataulu &amp; Reitti Aluekartat S\u00e4\u00e4nn\u00f6t Ilmoittautuminen Virallinen Ilmoitustaulu Green Star Hotel Lahti<\/p>","protected":false},"author":1,"featured_media":2081,"parent":0,"menu_order":0,"comment_status":"closed","ping_status":"closed","template":"elementor_header_footer","meta":{"_themeisle_gutenberg_block_has_review":false,"footnotes":""},"class_list":["post-79","page","type-page","status-publish","has-post-thumbnail","hentry"],"yoast_head":"<!-- This site is optimized with the Yoast SEO plugin v26.9 - https:\/\/yoast.com\/product\/yoast-seo-wordpress\/ -->\n<title>Kilpailijat - Lahti Historic Rally<\/title>\n<meta name=\"robots\" content=\"index, follow, max-snippet:-1, max-image-preview:large, max-video-preview:-1\" \/>\n<link rel=\"canonical\" href=\"https:\/\/lahtihistoricrally.fi\/en\/kilpailijoille\/\" \/>\n<meta property=\"og:locale\" content=\"en_US\" \/>\n<meta property=\"og:type\" content=\"article\" \/>\n<meta property=\"og:title\" content=\"Kilpailijat - Lahti Historic Rally\" \/>\n<meta property=\"og:description\" content=\"Kilpailijat Aikataulu &amp; Reitti Aluekartat S\u00e4\u00e4nn\u00f6t Ilmoittautuminen Virallinen Ilmoitustaulu Green Star Hotel Lahti\" \/>\n<meta property=\"og:url\" content=\"https:\/\/lahtihistoricrally.fi\/en\/kilpailijoille\/\" \/>\n<meta property=\"og:site_name\" content=\"Lahti Historic Rally\" \/>\n<meta property=\"article:modified_time\" content=\"2025-06-15T07:52:17+00:00\" \/>\n<meta property=\"og:image\" content=\"https:\/\/lahtihistoricrally.fi\/wp-content\/uploads\/2023\/03\/ford_red.jpg\" \/>\n\t<meta property=\"og:image:width\" content=\"1920\" \/>\n\t<meta property=\"og:image:height\" content=\"1080\" \/>\n\t<meta property=\"og:image:type\" content=\"image\/jpeg\" \/>\n<meta name=\"twitter:card\" content=\"summary_large_image\" \/>\n<script type=\"application\/ld+json\" class=\"yoast-schema-graph\">{\"@context\":\"https:\/\/schema.org\",\"@graph\":[{\"@type\":\"WebPage\",\"@id\":\"https:\/\/lahtihistoricrally.fi\/kilpailijoille\/\",\"url\":\"https:\/\/lahtihistoricrally.fi\/kilpailijoille\/\",\"name\":\"Kilpailijat - Lahti Historic Rally\",\"isPartOf\":{\"@id\":\"https:\/\/lahtihistoricrally.fi\/#website\"},\"primaryImageOfPage\":{\"@id\":\"https:\/\/lahtihistoricrally.fi\/kilpailijoille\/#primaryimage\"},\"image\":{\"@id\":\"https:\/\/lahtihistoricrally.fi\/kilpailijoille\/#primaryimage\"},\"thumbnailUrl\":\"https:\/\/i0.wp.com\/lahtihistoricrally.fi\/wp-content\/uploads\/2023\/03\/ford_red.jpg?fit=1920%2C1080&ssl=1\",\"datePublished\":\"2017-05-10T13:15:40+00:00\",\"dateModified\":\"2025-06-15T07:52:17+00:00\",\"breadcrumb\":{\"@id\":\"https:\/\/lahtihistoricrally.fi\/kilpailijoille\/#breadcrumb\"},\"inLanguage\":\"en-US\",\"potentialAction\":[{\"@type\":\"ReadAction\",\"target\":[\"https:\/\/lahtihistoricrally.fi\/kilpailijoille\/\"]}]},{\"@type\":\"ImageObject\",\"inLanguage\":\"en-US\",\"@id\":\"https:\/\/lahtihistoricrally.fi\/kilpailijoille\/#primaryimage\",\"url\":\"https:\/\/i0.wp.com\/lahtihistoricrally.fi\/wp-content\/uploads\/2023\/03\/ford_red.jpg?fit=1920%2C1080&ssl=1\",\"contentUrl\":\"https:\/\/i0.wp.com\/lahtihistoricrally.fi\/wp-content\/uploads\/2023\/03\/ford_red.jpg?fit=1920%2C1080&ssl=1\",\"width\":1920,\"height\":1080},{\"@type\":\"BreadcrumbList\",\"@id\":\"https:\/\/lahtihistoricrally.fi\/kilpailijoille\/#breadcrumb\",\"itemListElement\":[{\"@type\":\"ListItem\",\"position\":1,\"name\":\"Etusivu\",\"item\":\"https:\/\/lahtihistoricrally.fi\/\"},{\"@type\":\"ListItem\",\"position\":2,\"name\":\"Kilpailijat\"}]},{\"@type\":\"WebSite\",\"@id\":\"https:\/\/lahtihistoricrally.fi\/#website\",\"url\":\"https:\/\/lahtihistoricrally.fi\/\",\"name\":\"Lahti Historic Rally\",\"description\":\"FIA European Historic Rally Championship\",\"publisher\":{\"@id\":\"https:\/\/lahtihistoricrally.fi\/#organization\"},\"potentialAction\":[{\"@type\":\"SearchAction\",\"target\":{\"@type\":\"EntryPoint\",\"urlTemplate\":\"https:\/\/lahtihistoricrally.fi\/?s={search_term_string}\"},\"query-input\":{\"@type\":\"PropertyValueSpecification\",\"valueRequired\":true,\"valueName\":\"search_term_string\"}}],\"inLanguage\":\"en-US\"},{\"@type\":\"Organization\",\"@id\":\"https:\/\/lahtihistoricrally.fi\/#organization\",\"name\":\"Lahti Historic Rally\",\"url\":\"https:\/\/lahtihistoricrally.fi\/\",\"logo\":{\"@type\":\"ImageObject\",\"inLanguage\":\"en-US\",\"@id\":\"https:\/\/lahtihistoricrally.fi\/#\/schema\/logo\/image\/\",\"url\":\"https:\/\/i0.wp.com\/lahtihistoricrally.fi\/wp-content\/uploads\/2024\/07\/lahti_historic_rally_logo_blue_800.png?fit=800%2C371&ssl=1\",\"contentUrl\":\"https:\/\/i0.wp.com\/lahtihistoricrally.fi\/wp-content\/uploads\/2024\/07\/lahti_historic_rally_logo_blue_800.png?fit=800%2C371&ssl=1\",\"width\":800,\"height\":371,\"caption\":\"Lahti Historic Rally\"},\"image\":{\"@id\":\"https:\/\/lahtihistoricrally.fi\/#\/schema\/logo\/image\/\"}}]}<\/script>\n<!-- \/ Yoast SEO plugin. -->","yoast_head_json":{"title":"Kilpailijat - Lahti Historic Rally","robots":{"index":"index","follow":"follow","max-snippet":"max-snippet:-1","max-image-preview":"max-image-preview:large","max-video-preview":"max-video-preview:-1"},"canonical":"https:\/\/lahtihistoricrally.fi\/en\/kilpailijoille\/","og_locale":"en_US","og_type":"article","og_title":"Kilpailijat - Lahti Historic Rally","og_description":"Kilpailijat Aikataulu &amp; Reitti Aluekartat S\u00e4\u00e4nn\u00f6t Ilmoittautuminen Virallinen Ilmoitustaulu Green Star Hotel Lahti","og_url":"https:\/\/lahtihistoricrally.fi\/en\/kilpailijoille\/","og_site_name":"Lahti Historic Rally","article_modified_time":"2025-06-15T07:52:17+00:00","og_image":[{"width":1920,"height":1080,"url":"https:\/\/lahtihistoricrally.fi\/wp-content\/uploads\/2023\/03\/ford_red.jpg","type":"image\/jpeg"}],"twitter_card":"summary_large_image","schema":{"@context":"https:\/\/schema.org","@graph":[{"@type":"WebPage","@id":"https:\/\/lahtihistoricrally.fi\/kilpailijoille\/","url":"https:\/\/lahtihistoricrally.fi\/kilpailijoille\/","name":"Kilpailijat - Lahti Historic Rally","isPartOf":{"@id":"https:\/\/lahtihistoricrally.fi\/#website"},"primaryImageOfPage":{"@id":"https:\/\/lahtihistoricrally.fi\/kilpailijoille\/#primaryimage"},"image":{"@id":"https:\/\/lahtihistoricrally.fi\/kilpailijoille\/#primaryimage"},"thumbnailUrl":"https:\/\/i0.wp.com\/lahtihistoricrally.fi\/wp-content\/uploads\/2023\/03\/ford_red.jpg?fit=1920%2C1080&ssl=1","datePublished":"2017-05-10T13:15:40+00:00","dateModified":"2025-06-15T07:52:17+00:00","breadcrumb":{"@id":"https:\/\/lahtihistoricrally.fi\/kilpailijoille\/#breadcrumb"},"inLanguage":"en-US","potentialAction":[{"@type":"ReadAction","target":["https:\/\/lahtihistoricrally.fi\/kilpailijoille\/"]}]},{"@type":"ImageObject","inLanguage":"en-US","@id":"https:\/\/lahtihistoricrally.fi\/kilpailijoille\/#primaryimage","url":"https:\/\/i0.wp.com\/lahtihistoricrally.fi\/wp-content\/uploads\/2023\/03\/ford_red.jpg?fit=1920%2C1080&ssl=1","contentUrl":"https:\/\/i0.wp.com\/lahtihistoricrally.fi\/wp-content\/uploads\/2023\/03\/ford_red.jpg?fit=1920%2C1080&ssl=1","width":1920,"height":1080},{"@type":"BreadcrumbList","@id":"https:\/\/lahtihistoricrally.fi\/kilpailijoille\/#breadcrumb","itemListElement":[{"@type":"ListItem","position":1,"name":"Etusivu","item":"https:\/\/lahtihistoricrally.fi\/"},{"@type":"ListItem","position":2,"name":"Kilpailijat"}]},{"@type":"WebSite","@id":"https:\/\/lahtihistoricrally.fi\/#website","url":"https:\/\/lahtihistoricrally.fi\/","name":"Lahti Historic Rally","description":"FIA European Historic Rally Championship","publisher":{"@id":"https:\/\/lahtihistoricrally.fi\/#organization"},"potentialAction":[{"@type":"SearchAction","target":{"@type":"EntryPoint","urlTemplate":"https:\/\/lahtihistoricrally.fi\/?s={search_term_string}"},"query-input":{"@type":"PropertyValueSpecification","valueRequired":true,"valueName":"search_term_string"}}],"inLanguage":"en-US"},{"@type":"Organization","@id":"https:\/\/lahtihistoricrally.fi\/#organization","name":"Lahti Historic Rally","url":"https:\/\/lahtihistoricrally.fi\/","logo":{"@type":"ImageObject","inLanguage":"en-US","@id":"https:\/\/lahtihistoricrally.fi\/#\/schema\/logo\/image\/","url":"https:\/\/i0.wp.com\/lahtihistoricrally.fi\/wp-content\/uploads\/2024\/07\/lahti_historic_rally_logo_blue_800.png?fit=800%2C371&ssl=1","contentUrl":"https:\/\/i0.wp.com\/lahtihistoricrally.fi\/wp-content\/uploads\/2024\/07\/lahti_historic_rally_logo_blue_800.png?fit=800%2C371&ssl=1","width":800,"height":371,"caption":"Lahti Historic Rally"},"image":{"@id":"https:\/\/lahtihistoricrally.fi\/#\/schema\/logo\/image\/"}}]}},"jetpack_sharing_enabled":true,"_links":{"self":[{"href":"https:\/\/lahtihistoricrally.fi\/en\/wp-json\/wp\/v2\/pages\/79","targetHints":{"allow":["GET"]}}],"collection":[{"href":"https:\/\/lahtihistoricrally.fi\/en\/wp-json\/wp\/v2\/pages"}],"about":[{"href":"https:\/\/lahtihistoricrally.fi\/en\/wp-json\/wp\/v2\/types\/page"}],"author":[{"embeddable":true,"href":"https:\/\/lahtihistoricrally.fi\/en\/wp-json\/wp\/v2\/users\/1"}],"replies":[{"embeddable":true,"href":"https:\/\/lahtihistoricrally.fi\/en\/wp-json\/wp\/v2\/comments?post=79"}],"version-history":[{"count":94,"href":"https:\/\/lahtihistoricrally.fi\/en\/wp-json\/wp\/v2\/pages\/79\/revisions"}],"predecessor-version":[{"id":5116,"href":"https:\/\/lahtihistoricrally.fi\/en\/wp-json\/wp\/v2\/pages\/79\/revisions\/5116"}],"wp:featuredmedia":[{"embeddable":true,"href":"https:\/\/lahtihistoricrally.fi\/en\/wp-json\/wp\/v2\/media\/2081"}],"wp:attachment":[{"href":"https:\/\/lahtihistoricrally.fi\/en\/wp-json\/wp\/v2\/media?parent=79"}],"curies":[{"name":"wp","href":"https:\/\/api.w.org\/{rel}","templated":true}]}}